{"id":1181,"date":"2024-03-18T10:55:46","date_gmt":"2024-03-18T09:55:46","guid":{"rendered":"https:\/\/www.walldorf-gospel-singers.de\/?page_id=1181"},"modified":"2024-12-26T23:27:28","modified_gmt":"2024-12-26T22:27:28","slug":"auftritte-2024","status":"publish","type":"page","link":"https:\/\/www.walldorf-gospel-singers.de\/index.php\/auftritte\/auftritte-2024\/","title":{"rendered":"Auftritte 2024"},"content":{"rendered":"<h3 id=\"A20241226\">Donnerstag, 26. Dezember 2024 Weihnachtsandacht<\/h3>\n<p>um 18:00 in der evangelischen Kirche Walldorf<a href=\"https:\/\/www.walldorf-gospel-singers.de\/wgs-content\/uploads\/Plakat-Weihnachtskonzert.jpg\"><img loading=\"lazy\" decoding=\"async\" src=\"https:\/\/www.walldorf-gospel-singers.de\/wgs-content\/uploads\/Plakat-Weihnachtskonzert-212x300.jpg\" alt=\"\" width=\"212\" height=\"300\" class=\"alignright size-medium wp-image-1228\" srcset=\"https:\/\/www.walldorf-gospel-singers.de\/wgs-content\/uploads\/Plakat-Weihnachtskonzert-212x300.jpg 212w, https:\/\/www.walldorf-gospel-singers.de\/wgs-content\/uploads\/Plakat-Weihnachtskonzert-724x1024.jpg 724w, https:\/\/www.walldorf-gospel-singers.de\/wgs-content\/uploads\/Plakat-Weihnachtskonzert-106x150.jpg 106w, https:\/\/www.walldorf-gospel-singers.de\/wgs-content\/uploads\/Plakat-Weihnachtskonzert-768x1086.jpg 768w, https:\/\/www.walldorf-gospel-singers.de\/wgs-content\/uploads\/Plakat-Weihnachtskonzert.jpg 794w\" sizes=\"auto, (max-width: 212px) 100vw, 212px\" \/><\/a><\/p>\n<p><strong>Songs<\/strong><\/p>\n<ul>\n<li>Jesus, oh what a wonderful child (trad., Arr.: Bernhard Gr\u00f6ne)<\/li>\n<li>Calypso Gloria (trad., Arr.: Emily Crocker)<\/li>\n<li>Come on Down to Bethlehem (M: Joel Raney, T: John Parker)<\/li>\n<li>Child in the Manger (trad., Arr.: Bernhard Gr\u00f6ne)<\/li>\n<li>Mary\u2019s Boy Child (Jester Hairston, Arr.: Bernhard Gr\u00f6ne)<\/li>\n<li>You raise me up (M: Rolf L\u00f8vland, T: Brendan Graham, Arr.: Bernhard Gr\u00f6ne)<\/li>\n<li>Rejoice with exceeding great joy (Lanny Wolfe, Arr.: Bernhard Gr\u00f6ne)<\/li>\n<li>Mary did you know? (T: Mark Lowry, M: Buddy Greene, Arr.: Pentatonix, Bernhard Gr\u00f6ne)<\/li>\n<li>Changed by a Baby Boy (Benjamin + Gloria Gaither, Arr.: Bernhard Gr\u00f6ne)<\/li>\n<li>Happy Xmas (War is Over) (John Lennon + Yoko Ono, Arr.: Bernhard Gr\u00f6ne)<\/li>\n<li>Winter Wonderland (Dick Smith, Felix Bernard, Arr.: Bernhard Gr\u00f6ne)<\/li>\n<\/ul>\n<p><strong>Musiker<\/strong>: Anette Olsson (Piano), Torsten Bachmann (Schlagzeug), Felicitas Fischer von Weikersthal (Querfl\u00f6te), Stefan Resag (E-Gitarre), Bernhard Gr\u00f6ne (Leitung, akust. Gitarre)<\/p>\n<p><strong>Solisten<\/strong>: Agnes Gro\u00df-B\u00f6lting, Dirk Speder, Stefan Resag, Bernhard Gr\u00f6ne<\/p>\n<p><strong>Technik<\/strong>: Kilian Speder<\/p>\n<h3 id=\"A20241222\">Sonntag, 22. Dezember 2024 Konzert zum 4. Advent<\/h3>\n<p>um 16:00 in der evangelischen Kirche Walldorf mit der Stadtkapelle Walldorf<\/p>\n<p><strong>Songs<\/strong><\/p>\n<ul>\n<li>Changed by a Baby Boy (Benjamin + Gloria Gaither, Arr.: Bernhard Gr\u00f6ne)<\/li>\n<li>Rejoice with exceeding great joy (Bill + Gloria Gaither, Arr.: Bernhard Gr\u00f6ne)<\/li>\n<li>Mary, did you know? (T: Mark Lowry, M: Buddy Greene, Arr.: Pentatonix \/ Bernhard Gr\u00f6ne)<\/li>\n<li>Happy Xmas (War is Over) (John Lennon + Yoko Ono, Arr.: Bernhard Gr\u00f6ne)<\/li>\n<li>Stern \u00fcber Bethlehem (Alfred Hans Z\u00f6ller, Arr.: Kurt G\u00e4ble, Bernhard Gr\u00f6ne)<\/li>\n<li>Kleine Stadt Bethlehem (T: Rolf Krenzer, M: Siegfried Fetz, Arr.: Kurt G\u00e4ble)<\/li>\n<li>In der Nacht von Bethlehem (Peter Strauch, Arr.: Kurt G\u00e4ble)<\/li>\n<li>Silent Night \/ Stille Nacht (trad., Arr.: Bernhard Gr\u00f6ne)<\/li>\n<\/ul>\n<p><strong>Solisten<\/strong>: Bernhard Gr\u00f6ne (+Leitung, akust. Gitarre)<\/p>\n<p><strong>Musiker<\/strong>: Felicitas Fischer von Weikersthal (Querfl\u00f6te), Stefan Resag (E-Gitarre), Andr\u00e9 Fischer (Bass)<\/p>\n<p><strong>Technik<\/strong>: Kilian Speder<\/p>\n<h3 id=\"A20241214\">Samstag 14.12.2024 Abschluss Adventsbesinnung to Go<\/h3>\n<p>um 17:45 vor dem Carolushaus Walldorf<\/p>\n<p><strong>Songs<\/strong><\/p>\n<ul>\n<li>Alle Jahre Wieder<\/li>\n<li>Jesus, oh what a wonderful child (trad., Arr.: Bernhard Gr\u00f6ne)<\/li>\n<li>Leise rieselt der Schnee<\/li>\n<li>Child in the Manger (trad., Arr.: Bernhard Gr\u00f6ne)<\/li>\n<li>Es ist f\u00fcr uns eine Zeit angekommen<\/li>\n<li>Calypso Gloria (trad., Arr. Emily Crocker)<\/li>\n<li>Schneefl\u00f6ckchen, Wei\u00dfr\u00f6ckchen<\/li>\n<li>Changed by a Baby Boy (Benjamin + Gloria Gaither, Arr.: Bernhard Gr\u00f6ne)<\/li>\n<li>Kling, Gl\u00f6ckchen Klingelingeling<\/li>\n<li>Mary\u2019s Boy Child (Jester Hairston, Arr.: Bernhard Gr\u00f6ne)<\/li>\n<li>S\u00fc\u00dfer die Glocken nie klingen<\/li>\n<li>Rejoice with exceeding great joy (Bill + Gloria Gaither, Arr.: Bernhard Gr\u00f6ne)<\/li>\n<li>Stern \u00fcber Bethlehem (Alfred Hans Z\u00f6ller, Arr.: Bernhard Gr\u00f6ne)<\/li>\n<li>Happy Xmas (War is Over) (John Lennon + Yoko Ono, Arr.: Bernhard Gr\u00f6ne)<\/li>\n<li>Winter Wonderland (Dick Smith, Felix Bernard, Arr.: Bernhard Gr\u00f6ne)<\/li>\n<\/ul>\n<p><strong>Solisten<\/strong>: Dirk Speder, Susanne Schott, Bernhard Gr\u00f6ne (+Leitung, akust. Gitarre)<\/p>\n<p><strong>Musiker<\/strong>: Felicitas Fischer von Weikersthal (Querfl\u00f6te), Andr\u00e9 Fischer (Bass), Torsten Bachmann (Schlagzeug, Technik)<\/p>\n<h3 id=\"A20241130\">Samstag, 30. November 2024 Weihnachtsmarkt<\/h3>\n<p>um 18:30 auf dem Marktplatz Walldorf<\/p>\n<ul>\n<li>Jesus, oh what a wonderful child (trad., Arr.: Bernhard Gr\u00f6ne)<\/li>\n<li>Go, tell it on the mountain (trad., Arr.: Bernhard Gr\u00f6ne)<\/li>\n<li>Calypso Gloria (trad., Arr.: Emily Crocker)<\/li>\n<li>Changed by a Baby Boy (Benjamin + Gloria Gaither, Arr.: Bernhard Gr\u00f6ne)<\/li>\n<li>Winter Wonderland (Dick Smith, Felix Bernard, Arr.: Bernhard Gr\u00f6ne)<\/li>\n<li>Child in the Manger (trad., Arr.: Bernhard Gr\u00f6ne)<\/li>\n<li>Mary\u2019s Boy Child (Jester Hairston, Arr.: Bernhard Gr\u00f6ne)<\/li>\n<li>Santa Claus is coming to town (M: John Frederick Coots, T: Haven Gillespie, Arr.: Bernhard Gr\u00f6ne)<\/li>\n<li>Rejoice with exceeding great joy (Lanny Wolfe, Arr.: Bernhard Gr\u00f6ne)<\/li>\n<li>You raise me up (M: Rolf L\u00f8vland, T: Brendan Graham, Arr.: Bernhard Gr\u00f6ne)<\/li>\n<li>Stern \u00fcber Bethlehem (Alfred Hans Z\u00f6ller, Arr.: Bernhard Gr\u00f6ne)<\/li>\n<li>Silent Night \/ Stille Nacht (trad., Arr.: Bernhard Gr\u00f6ne)<\/li>\n<li>Happy Xmas (War is Over) (John Lennon + Yoko Ono, Arr.: Bernhard Gr\u00f6ne)<\/li>\n<\/ul>\n<p><strong>Musiker<\/strong>: Bernhard Gr\u00f6ne (Leitung, akust. Gitarre, Technik)<\/p>\n<p><strong>Solisten<\/strong>: Agnes Gro\u00df-B\u00f6lting, Anke Bastisch, Dirk Speder, Stefan Resag, Susanne Schott, Bernhard Gr\u00f6ne<\/p>\n<h3 id=\"A20240929\">Sonntag, 29. September 2024 Gemeindefest Bazar<\/h3>\n<p>um 14:45 in der sozialen Mitte Walldorf<\/p>\n<ul>\n<li>Ich lobe meinen Gott, der aus der Tiefe mich holt (M: Christoph Lehmann, T: Hans-J\u00fcrgen Netz, Arr.: Bernhard Gr\u00f6ne)<\/li>\n<li>Nobody like Jesus (M: Helmut Jost, T: Ruthild Wilson, Arr.: Bernhard Gr\u00f6ne)<\/li>\n<li>10000 Reasons (Matt Redman + Jonas Myrin; Arr.: Bernhard Gr\u00f6ne)<\/li>\n<li>Lean on me (Bill Withers, Arr.: Bernhard Gr\u00f6ne)<\/li>\n<li>Soon and very soon (Andra\u00e9 Crouch, Arr.: Bernhard Gr\u00f6ne)<\/li>\n<li>Lord I lift your name on high (Jester Hairston, Arr.: Bernhard Gr\u00f6ne)<\/li>\n<li>Carriers of the Light (Jerry Estes)<\/li>\n<li>Hallelujah (Leonhard Cohen, Arr.: Bernhard Gr\u00f6ne)<\/li>\n<li>We Believe (Lothar Kosse)<\/li>\n<li>You raise me up (M: Rolf L\u00f8vland, T: Brendan Graham, Arr.: Bernhard Gr\u00f6ne)<\/li>\n<li>Jesus in my house (Judy Bailey, Arr.: Bernhard Gr\u00f6ne)<\/li>\n<li>The Rose (Amanda McBroom, Arr.: Bernhard Gr\u00f6ne)<\/li>\n<li>My Lighthouse (Rend Collective, Arr.: Bernhard Gr\u00f6ne)<\/li>\n<li>Herr, wir bitten: Komm und segne uns (Peter Strauch, Arr.: Bernhard Gr\u00f6ne)<\/li>\n<\/ul>\n<p><strong>Musiker<\/strong>: Torsten Bachmann (Schlagzeug, Technik, Mix), Andr\u00e9 Fischer (Bass), Felicitas Fischer von Weikersthal (Querfl\u00f6te), Bernhard Gr\u00f6ne (Leitung, akust. Gitarre, Technik)<\/p>\n<p><strong>Solisten<\/strong>: Agnes Gro\u00df-B\u00f6lting, Dirk Speder, Mair\u00e9ad Wolf, Paula Wolf, Susanne Schott, Bernhard Gr\u00f6ne<\/p>\n<h3 id=\"A20240915\">Sonntag, 15. September 2024 Seetaufe<\/h3>\n<p>um 10:30 am St. Leoner See, Eingang II<\/p>\n<ul>\n<li>Soon and very soon (Andra\u00e9 Crouch, Arr.: Bernhard Gr\u00f6ne)<\/li>\n<li>Jesus in my house (Judy Bailey, Arr.: Bernhard Gr\u00f6ne)<\/li>\n<li>Down in the River to Pray (trad., Arr.: Bernhard Gr\u00f6ne)<\/li>\n<li>Herr ich komme zu Dir (Albert Frey, Arr.: Annette Hauser, Bernhard Gr\u00f6ne)<\/li>\n<li>Leben aus der Quelle (Lukas Di Nunzio; Arr.: Bernhard Gr\u00f6ne)<\/li>\n<li>Lord I lift your name on high (Jester Hairston, Arr.: Bernhard Gr\u00f6ne)<\/li>\n<li>You raise me up (M: Rolf L\u00f8vland, T: Brendan Graham, Arr.: Bernhard Gr\u00f6ne)<\/li>\n<li>10000 Reasons (Matt Redman + Jonas Myrin; Arr.: Bernhard Gr\u00f6ne)<\/li>\n<li>Carriers of the Light (Jerry Estes)<\/li>\n<li>Hallelujah (Leonhard Cohen, Arr.: Bernhard Gr\u00f6ne)<\/li>\n<li>We Believe (Lothar Kosse)<\/li>\n<li>May the Lord send Angels (Helmut Jost, Ruthild Wilson; Arr.: Helmut Jost, Bernhard Gr\u00f6ne)<\/li>\n<li>Da ber\u00fchren sich Himmel und Erde (T: Thomas Laubach, M: Christoph Lehmann, Arr.: Bernhard Gr\u00f6ne)<\/li>\n<li>Halte zu mir guter Gott (T: Rolf Krenzer, M: Ludger Edelk\u00f6tter, Arr.: Bernhard Gr\u00f6ne)<\/li>\n<li>Nobody like Jesus (M: Helmut Jost, T: Ruthild Wilson, Arr.: Bernhard Gr\u00f6ne)<\/li>\n<\/ul>\n<p><strong>Musiker<\/strong>: Bernhard Gr\u00f6ne (Leitung, akust. Gitarre, Technik)<\/p>\n<p><strong>Solisten<\/strong>: Anke Bastisch, Dirk Speder, Mair\u00e9ad Wolf, Susanne Schott, Bernhard Gr\u00f6ne<\/p>\n<p><strong>Technik \/ Mix<\/strong>: Kilian Speder<\/p>\n<h3 id=\"A20240721\">Sonntag, 21. Juli 2024 Stadtteilgottesdienst<\/h3>\n<p>um 10:30 am Strau\u00dfenhof, Rennbahnstra\u00dfe, Walldorf<\/p>\n<ul>\n<li>Ukuthula (Aino L\u00f6wenmark, Arr.: Bernhard Gr\u00f6ne)<\/li>\n<li>Jesus in my house (Judy Bailey, Arr.: Bernhard Gr\u00f6ne)<\/li>\n<li>Herr, wir bitten: Komm und segne uns (Peter Strauch, Arr.: Bernhard Gr\u00f6ne)<\/li>\n<li>Lord I lift your name on high (Jester Hairston, Arr.: Bernhard Gr\u00f6ne)<\/li>\n<li>Nobody like Jesus (M: Helmut Jost, T: Ruthild Wilson, Arr.: Bernhard Gr\u00f6ne)<\/li>\n<\/ul>\n<p><strong>Musiker<\/strong>: Stefan Resag (E-Gitarre), Andr\u00e9 Fischer (Bass), Bernhard Gr\u00f6ne (Leitung, akust. Gitarre, Technik)<\/p>\n<p><strong>Solisten<\/strong>: Agnes Gro\u00df-B\u00f6lting, Stefan Resag, Susanne Schott, Bernhard Gr\u00f6ne<\/p>\n<h3 id=\"A20240714\">Sonntag, 14. Juli 2024 \u00d6kum. Gottesdienst auf dem H\u00f6chster Schlossfest<\/h3>\n<p>um 11:00 in Frankfurt \/ H\u00f6chst, B\u00fchne im Br\u00fcningpark<\/p>\n<ul>\n<li>Jesus in my house (Judy Bailey, Arr.: Bernhard Gr\u00f6ne)<\/li>\n<li>Ich lobe meinen Gott, der aus der Tiefe mich holt (M: Christoph Lehmann, T: Hans-J\u00fcrgen Netz, Arr.: Bernhard Gr\u00f6ne)<\/li>\n<li>Hallelujah (Refrain) (Leonhard Cohen, Arr.: Bernhard Gr\u00f6ne)<\/li>\n<li>My Sweet Lord (George Harrison, Arr.: Bernhard Gr\u00f6ne)<\/li>\n<li>You raise me up (M: Rolf L\u00f8vland, T: Brendan Graham, Arr.: Bernhard Gr\u00f6ne)<\/li>\n<li>Herr, wir bitten: Komm und segne uns (Peter Strauch, Arr.: Bernhard Gr\u00f6ne)<\/li>\n<li>Nobody like Jesus (M: Helmut Jost, T: Ruthild Wilson, Arr.: Bernhard Gr\u00f6ne)<\/li>\n<li>Lord I lift your name on high (Jester Hairston, Arr.: Bernhard Gr\u00f6ne)<\/li>\n<li>In Christ alone (M: Keith Getty, T: Stuart Townend, Arr.: Bernhard Gr\u00f6ne)<\/li>\n<li>I can see clearly now (Johnny Nash, Arr.: Bernhard Gr\u00f6ne)<\/li>\n<li>Nothing else matters (James Hetfield, Lars Ulrich, Arr.: Bernhard Gr\u00f6ne)<\/li>\n<li>Hallelujah (Leonhard Cohen, Arr.: Bernhard Gr\u00f6ne)<\/li>\n<li>Open the eyes of my heart (Paul Baloche, Arr.: Bernhard Gr\u00f6ne)<\/li>\n<\/ul>\n<p><strong>Musiker<\/strong>: Felicitas Fischer von Weikersthal (Querfl\u00f6te), Stefan Resag (E-Gitarre), Andr\u00e9 Fischer (Bass), Bernhard Gr\u00f6ne (Leitung, akust. Gitarre)<\/p>\n<p><strong>Solisten<\/strong>: Agnes Gro\u00df-B\u00f6lting, Anke Bastisch, Mair\u00e9ad Wolf, Stefan Resag, Susanne Schott, Bernhard Gr\u00f6ne<\/p>\n<p><strong>Technik \/ Mix<\/strong>: Kilian Speder<\/p>\n<h3 id=\"A20240509\">Donnerstag, 9. Mai 2024 Gottesdienst zu Christi Himmelfahrt<\/h3>\n<p>um 10:30 auf dem Marktplatz Walldorf<\/p>\n<ul>\n<li>Jesus in my house (Judy Bailey, Arr.: Bernhard Gr\u00f6ne)<\/li>\n<li>Ich lobe meinen Gott, der aus der Tiefe mich holt (M: Christoph Lehmann, T: Hans-J\u00fcrgen Netz, Arr.: Bernhard Gr\u00f6ne)<\/li>\n<li>Manchmal feiern wir mitten im Tag (M: Peter Janssens, T: Alois Albrecht, Arr.: Bernhard Gr\u00f6ne)<\/li>\n<li>Hallelujah (Refrain) (Leonhard Cohen, Arr.: Bernhard Gr\u00f6ne)<\/li>\n<li>Da ber\u00fchren sich Himmel und Erde (M: Christoph Lehmann, T: Thomas Laubach, Arr.: Bernhard Gr\u00f6ne)<\/li>\n<li>Herr, ich komme zu Dir (Albert Frey, Arr.: Annette Hauser, Bernhard Gr\u00f6ne)<\/li>\n<li>Heilig, heilig bist Du (Klaus Lohrb\u00e4cher, Arr.: Bernhard Gr\u00f6ne)<\/li>\n<li>You raise me up (M: Rolf L\u00f8vland, T: Brendan Graham, Arr.: Bernhard Gr\u00f6ne)<\/li>\n<li>In Christ alone (M: Keith Getty, T: Stuart Townend, Arr.: Bernhard Gr\u00f6ne)<\/li>\n<li>Nobody like Jesus (M: Helmut Jost, T: Ruthild Wilson, Arr.: Bernhard Gr\u00f6ne)<\/li>\n<\/ul>\n<p><strong>Musiker<\/strong>: Torsten Bachmann (Schlagzeug), Felicitas Fischer von Weikersthal (Querfl\u00f6te), Andr\u00e9 Fischer (Bass), Bernhard Gr\u00f6ne (Leitung, akust. Gitarre)<\/p>\n<p><strong>Solisten<\/strong>: Stefan Resag, Susanne Schott, Bernhard Gr\u00f6ne<br \/>\n<strong>Technik \/ Mix<\/strong>: Kilian Speder<\/p>\n<h3 id=\"A20240505\">Sonntag, 5. Mai 2024 Konfirmation<\/h3>\n<p>um 09:30 und 11:30 in der evang. Kirche Walldorf<\/p>\n<ul>\n<li>Nothing else matters (James Hetfield, Lars Ulrich, Arr.: Bernhard Gr\u00f6ne)<\/li>\n<li>You raise me up (M: Rolf L\u00f8vland, T: Brendan Graham, Arr.: Bernhard Gr\u00f6ne)<\/li>\n<li>Oh happy day (Edwin Hawkins)<\/li>\n<\/ul>\n<p><strong>Musiker<\/strong>: Felicitas Fischer von Weikersthal (Querfl\u00f6te), Martin Haa\u00df (E-Gitarre), Andr\u00e9 Fischer (Bass), Bernhard Gr\u00f6ne (Leitung, akust. Gitarre)<\/p>\n<p><strong>Solisten<\/strong>: Agnes Gro\u00df-B\u00f6lting, Mair\u00e9ad Wolf, Susanne Schott, Bernhard Gr\u00f6ne<br \/>\n<strong>Technik<\/strong>: Kilian Speder<\/p>\n<h3 id=\"A20240427\">Samstag, 27. April 2024 Benefizkonzert<\/h3>\n<p><a href=\"https:\/\/www.walldorf-gospel-singers.de\/wgs-content\/uploads\/20240427_Plakat_25_Jahrfeier-scaled.jpg\"><img loading=\"lazy\" decoding=\"async\" class=\"alignright size-medium wp-image-1187\" src=\"https:\/\/www.walldorf-gospel-singers.de\/wgs-content\/uploads\/20240427_Plakat_25_Jahrfeier-212x300.jpg\" alt=\"25 Jahre Hilfe zur Selbsthilfe e.V. Walldorf - Konzert am 27. April 2024, 18:00 Uhr in der evang. Kirche Walldorf\" width=\"212\" height=\"300\" srcset=\"https:\/\/www.walldorf-gospel-singers.de\/wgs-content\/uploads\/20240427_Plakat_25_Jahrfeier-212x300.jpg 212w, https:\/\/www.walldorf-gospel-singers.de\/wgs-content\/uploads\/20240427_Plakat_25_Jahrfeier-724x1024.jpg 724w, https:\/\/www.walldorf-gospel-singers.de\/wgs-content\/uploads\/20240427_Plakat_25_Jahrfeier-106x150.jpg 106w, https:\/\/www.walldorf-gospel-singers.de\/wgs-content\/uploads\/20240427_Plakat_25_Jahrfeier-768x1086.jpg 768w, https:\/\/www.walldorf-gospel-singers.de\/wgs-content\/uploads\/20240427_Plakat_25_Jahrfeier-1086x1536.jpg 1086w, https:\/\/www.walldorf-gospel-singers.de\/wgs-content\/uploads\/20240427_Plakat_25_Jahrfeier-1448x2048.jpg 1448w, https:\/\/www.walldorf-gospel-singers.de\/wgs-content\/uploads\/20240427_Plakat_25_Jahrfeier-scaled.jpg 1811w\" sizes=\"auto, (max-width: 212px) 100vw, 212px\" \/><\/a><br \/>\nf\u00fcr Hilfe zur Selbsthilfe Walldorf e.V. zusammen mit dem Posaunenchor<br \/>\num 18:00 in der evang. Kirche Walldorf<\/p>\n<ul>\n<li>Jesus in my house (Judy Bailey, Arr.: Bernhard Gr\u00f6ne)<\/li>\n<li>Lord I lift your name on high (Jester Hairston, Arr.: Bernhard Gr\u00f6ne)<\/li>\n<li>Nobody like Jesus (M: Helmut Jost, T: Ruthild Wilson, Arr.: Bernhard Gr\u00f6ne)<\/li>\n<li>You raise me up (M: Rolf L\u00f8vland, T: Brendan Graham, Arr.: Bernhard Gr\u00f6ne)<\/li>\n<li>I can see clearly now (Johnny Nash, Arr.: Bernhard Gr\u00f6ne)<\/li>\n<li>Open the eyes of my heart (Paul Baloche, Arr.: Bernhard Gr\u00f6ne)<\/li>\n<li>Herr, wir bitten: Komm und segne uns (Peter Strauch, Arr.: Bernhard Gr\u00f6ne)<\/li>\n<li>Nothing else matters (James Hetfield, Lars Ulrich, Arr.: Bernhard Gr\u00f6ne)<\/li>\n<\/ul>\n<p><strong>Musiker<\/strong>: Anette Olsson (Piano), Felicitas Fischer von Weikersthal (Querfl\u00f6te), Stefan Resag (E-Gitarre), Andr\u00e9 Fischer (Bass), Bernhard Gr\u00f6ne (Leitung, akust. Gitarre)<\/p>\n<p><strong>Solisten<\/strong>: Agnes Gro\u00df-B\u00f6lting, Mair\u00e9ad Wolf, Stefan Resag, Susanne Schott, Bernhard Gr\u00f6ne<br \/>\n<strong>Technik<\/strong>: Kilian Speder<\/p>\n<h3 id=\"A20240317\">Sonntag, 17. M\u00e4rz 2024 Benefizkonzert<\/h3>\n<p><a href=\"https:\/\/www.walldorf-gospel-singers.de\/wgs-content\/uploads\/Plakat-2024-03-17-WolkenMitSonne.jpg\"><img loading=\"lazy\" decoding=\"async\" class=\"alignright size-medium wp-image-1178\" src=\"https:\/\/www.walldorf-gospel-singers.de\/wgs-content\/uploads\/Plakat-2024-03-17-WolkenMitSonne-213x300.jpg\" alt=\"\" width=\"213\" height=\"300\" srcset=\"https:\/\/www.walldorf-gospel-singers.de\/wgs-content\/uploads\/Plakat-2024-03-17-WolkenMitSonne-213x300.jpg 213w, https:\/\/www.walldorf-gospel-singers.de\/wgs-content\/uploads\/Plakat-2024-03-17-WolkenMitSonne-728x1024.jpg 728w, https:\/\/www.walldorf-gospel-singers.de\/wgs-content\/uploads\/Plakat-2024-03-17-WolkenMitSonne-107x150.jpg 107w, https:\/\/www.walldorf-gospel-singers.de\/wgs-content\/uploads\/Plakat-2024-03-17-WolkenMitSonne-768x1080.jpg 768w, https:\/\/www.walldorf-gospel-singers.de\/wgs-content\/uploads\/Plakat-2024-03-17-WolkenMitSonne-1092x1536.jpg 1092w, https:\/\/www.walldorf-gospel-singers.de\/wgs-content\/uploads\/Plakat-2024-03-17-WolkenMitSonne.jpg 1145w\" sizes=\"auto, (max-width: 213px) 100vw, 213px\" \/><\/a><br \/>\nf\u00fcr die \u00f6kumenische Hospizhilfe um 18:00 in der evang. Kirche Walldorf<\/p>\n<ul>\n<li>Jesus in my house (Judy Bailey, Arr.: Bernhard Gr\u00f6ne)<\/li>\n<li>In Christ alone (M: Keith Getty, T: Stuart Townend, Arr.: Bernhard Gr\u00f6ne)<\/li>\n<li>Nobody like Jesus (M: Helmut Jost, T: Ruthild Wilson, Arr.: Bernhard Gr\u00f6ne)<\/li>\n<li>We Believe (Lothar Kosse)<\/li>\n<li>Breathe (Marie Barnett, Arr.: Bernhard Gr\u00f6ne)<\/li>\n<li>Soon and very soon (Andra\u00e9 Crouch, Arr.: Bernhard Gr\u00f6ne)<\/li>\n<li>The Rose (Amanda McBroom, Arr.: Bernhard Gr\u00f6ne)<\/li>\n<li>Lord I lift your name on high (Jester Hairston, Arr.: Bernhard Gr\u00f6ne)<\/li>\n<li>You raise me up (M: Rolf L\u00f8vland, T: Brendan Graham, Arr.: Bernhard Gr\u00f6ne)<\/li>\n<li>I can see clearly now (Johnny Nash, Arr.: Bernhard Gr\u00f6ne)<\/li>\n<li>Oceans (Matt Crocker, Joel Houston, Salomon Ligthelm, Arr.: Bernhard Gr\u00f6ne)<\/li>\n<li>Open the eyes of my heart (Paul Baloche, Arr.: Bernhard Gr\u00f6ne)<\/li>\n<li>Nothing else matters (James Hetfield, Lars Ulrich, Arr.: Bernhard Gr\u00f6ne)<\/li>\n<li>Siyahamba (trad., Arr.: Doreen Rao)<\/li>\n<\/ul>\n<p><strong>Musiker<\/strong>: Felicitas Fischer von Weikersthal (Querfl\u00f6te), Stefan Resag (E-Gitarre), Andr\u00e9 Fischer (Bass), Bernhard Gr\u00f6ne (Leitung, akust. Gitarre)<\/p>\n<p><strong>Solisten<\/strong>: Agnes Gro\u00df-B\u00f6lting, Anke Bastisch, Dirk Speder, Mair\u00e9ad Wolf, Stefan Resag, Susanne Schott, Bernhard Gr\u00f6ne<br \/>\n<strong>Technik<\/strong>: Kilian Speder<\/p>\n","protected":false},"excerpt":{"rendered":"<p>Donnerstag, 26. Dezember 2024 Weihnachtsandacht um 18:00 in der evangelischen Kirche Walldorf Songs Jesus, oh what a wonderful child (trad., Arr.: Bernhard Gr\u00f6ne) Calypso Gloria (trad., Arr.: Emily Crocker) Come on Down to Bethlehem (M: Joel Raney, T: John Parker) Child in the Manger (trad., Arr.: Bernhard Gr\u00f6ne) Mary\u2019s Boy Child (Jester Hairston, Arr.: Bernhard &hellip; <a href=\"https:\/\/www.walldorf-gospel-singers.de\/index.php\/auftritte\/auftritte-2024\/\" class=\"more-link\"><span class=\"screen-reader-text\">Auftritte 2024<\/span> weiterlesen <span class=\"meta-nav\">&rarr;<\/span><\/a><\/p>\n","protected":false},"author":3,"featured_media":0,"parent":9,"menu_order":8,"comment_status":"closed","ping_status":"closed","template":"","meta":{"footnotes":""},"class_list":["post-1181","page","type-page","status-publish","hentry"],"_links":{"self":[{"href":"https:\/\/www.walldorf-gospel-singers.de\/index.php\/wp-json\/wp\/v2\/pages\/1181","targetHints":{"allow":["GET"]}}],"collection":[{"href":"https:\/\/www.walldorf-gospel-singers.de\/index.php\/wp-json\/wp\/v2\/pages"}],"about":[{"href":"https:\/\/www.walldorf-gospel-singers.de\/index.php\/wp-json\/wp\/v2\/types\/page"}],"author":[{"embeddable":true,"href":"https:\/\/www.walldorf-gospel-singers.de\/index.php\/wp-json\/wp\/v2\/users\/3"}],"replies":[{"embeddable":true,"href":"https:\/\/www.walldorf-gospel-singers.de\/index.php\/wp-json\/wp\/v2\/comments?post=1181"}],"version-history":[{"count":18,"href":"https:\/\/www.walldorf-gospel-singers.de\/index.php\/wp-json\/wp\/v2\/pages\/1181\/revisions"}],"predecessor-version":[{"id":1245,"href":"https:\/\/www.walldorf-gospel-singers.de\/index.php\/wp-json\/wp\/v2\/pages\/1181\/revisions\/1245"}],"up":[{"embeddable":true,"href":"https:\/\/www.walldorf-gospel-singers.de\/index.php\/wp-json\/wp\/v2\/pages\/9"}],"wp:attachment":[{"href":"https:\/\/www.walldorf-gospel-singers.de\/index.php\/wp-json\/wp\/v2\/media?parent=1181"}],"curies":[{"name":"wp","href":"https:\/\/api.w.org\/{rel}","templated":true}]}}