{"id":1355,"date":"2026-01-24T23:53:50","date_gmt":"2026-01-24T22:53:50","guid":{"rendered":"https:\/\/www.walldorf-gospel-singers.de\/?page_id=1355"},"modified":"2026-03-22T23:02:23","modified_gmt":"2026-03-22T22:02:23","slug":"auftritte-2026","status":"publish","type":"page","link":"https:\/\/www.walldorf-gospel-singers.de\/index.php\/auftritte\/auftritte-2026\/","title":{"rendered":"Auftritte 2026"},"content":{"rendered":"<h3 id=\"A20260322\">Sonntag, 22. M\u00e4rz 2026 Pop-Gottesdienst mit der Himmelweit-Band<\/h3>\n<p><a href=\"https:\/\/www.walldorf-gospel-singers.de\/wgs-content\/uploads\/IMG-20260314-WA0003.jpg\"><img loading=\"lazy\" decoding=\"async\" src=\"https:\/\/www.walldorf-gospel-singers.de\/wgs-content\/uploads\/IMG-20260314-WA0003-214x300.jpg\" alt=\"Pop-Gottesdienst 22.3.2026 mit der Himmelweit-Band\" width=\"214\" height=\"300\" class=\"alignright size-medium wp-image-1371\" srcset=\"https:\/\/www.walldorf-gospel-singers.de\/wgs-content\/uploads\/IMG-20260314-WA0003-214x300.jpg 214w, https:\/\/www.walldorf-gospel-singers.de\/wgs-content\/uploads\/IMG-20260314-WA0003-730x1024.jpg 730w, https:\/\/www.walldorf-gospel-singers.de\/wgs-content\/uploads\/IMG-20260314-WA0003-107x150.jpg 107w, https:\/\/www.walldorf-gospel-singers.de\/wgs-content\/uploads\/IMG-20260314-WA0003-768x1078.jpg 768w, https:\/\/www.walldorf-gospel-singers.de\/wgs-content\/uploads\/IMG-20260314-WA0003-1094x1536.jpg 1094w, https:\/\/www.walldorf-gospel-singers.de\/wgs-content\/uploads\/IMG-20260314-WA0003.jpg 1170w\" sizes=\"auto, (max-width: 214px) 100vw, 214px\" \/><\/a><br \/>\num 18:00 in der ev. Kirche St.Leon-Rot<\/p>\n<p><strong>Songs<\/strong><\/p>\n<ul class=\"wp-block-list\">\n<li>Oh Lord, I will worship you (M: Christoph Georgii, T: Lucienne Steup)<\/li>\n<li>Shackles (Erica Atkins-Campbell + Trecina Atkins-Campbell (Mary Mary) \/ Warryn Campbell, Arr.: Bernhard Gr\u00f6ne)<\/li>\n<li>Herr erbarme dich unser (Bernhard Gr\u00f6ne)<\/li>\n<li>Sing Hallelujah! (Dr. Alban, Arr.: Bernhard Gr\u00f6ne)<\/li>\n<li>Wir ziehen in den Frieden (Udo Lindenberg)<\/li>\n<li>My Lighthouse (Rend Collective, Arr.: Bernhard Gr\u00f6ne)<\/li>\n<li>Count on me (Bruno Mars, Arr.: Bernhard Gr\u00f6ne)<\/li>\n<li>Irgendwas bleibt (Silbermond)<\/li>\n<li>Rolling in the deep (Adele)<\/li>\n<\/ul>\n<p><strong>Musiker:<\/strong> Himmelweit-Band, Felicitas Fischer von Weikersthal (Querfl\u00f6te), Bernhard Gr\u00f6ne (Chorleitung, akust. Gitarre)<\/p>\n<p><strong>Solisten:<\/strong> Jennifer Winter, Bernhard Gr\u00f6ne<\/p>\n<h3 id=\"A20260301\">Sonntag, 1. M\u00e4rz 2026 Benefizkonzert<a href=\"https:\/\/www.walldorf-gospel-singers.de\/wgs-content\/uploads\/Plakat-2026-03-01-WolkenMitSonne-scaled.jpg\"><img loading=\"lazy\" decoding=\"async\" class=\"alignright size-medium wp-image-1359\" src=\"https:\/\/www.walldorf-gospel-singers.de\/wgs-content\/uploads\/Plakat-2026-03-01-WolkenMitSonne-213x300.jpg\" alt=\"Benefizkonzert 1.3.2026 16:00 in Evang. Kirche Walldorf\" width=\"213\" height=\"300\" srcset=\"https:\/\/www.walldorf-gospel-singers.de\/wgs-content\/uploads\/Plakat-2026-03-01-WolkenMitSonne-213x300.jpg 213w, https:\/\/www.walldorf-gospel-singers.de\/wgs-content\/uploads\/Plakat-2026-03-01-WolkenMitSonne-728x1024.jpg 728w, https:\/\/www.walldorf-gospel-singers.de\/wgs-content\/uploads\/Plakat-2026-03-01-WolkenMitSonne-107x150.jpg 107w, https:\/\/www.walldorf-gospel-singers.de\/wgs-content\/uploads\/Plakat-2026-03-01-WolkenMitSonne-768x1080.jpg 768w, https:\/\/www.walldorf-gospel-singers.de\/wgs-content\/uploads\/Plakat-2026-03-01-WolkenMitSonne-1092x1536.jpg 1092w, https:\/\/www.walldorf-gospel-singers.de\/wgs-content\/uploads\/Plakat-2026-03-01-WolkenMitSonne-1457x2048.jpg 1457w, https:\/\/www.walldorf-gospel-singers.de\/wgs-content\/uploads\/Plakat-2026-03-01-WolkenMitSonne-scaled.jpg 1821w\" sizes=\"auto, (max-width: 213px) 100vw, 213px\" \/><\/a><\/h3>\n<p>um 16:00 Uhr in der evangelischen Kirche Walldorf<\/p>\n<p><strong>Songs<\/strong><\/p>\n<ul class=\"wp-block-list\">\n<li>Shine Your Light (Tore W. Aas, Jan Groth, Arr.: Tore W. Aas, Bernhard Gr\u00f6ne)<\/li>\n<li>Jesus in my house (Judy Bailey, Arr.: Bernhard Gr\u00f6ne)<\/li>\n<li>Breathe (Marie Barnett, Arr.: Bernhard Gr\u00f6ne)<\/li>\n<li>Lean on me (Bill Withers, Arr.: Bernhard Gr\u00f6ne)<\/li>\n<li>I can see clearly now (Johnny Nash, Arr.: Bernhard Gr\u00f6ne)<\/li>\n<li>10 000 Reasons (Matt Redman + Jonas Myrin, Arr.: Bernhard Gr\u00f6ne)<\/li>\n<li>Shackles (Erica Atkins-Campbell + Trecina Atkins-Campbell (Mary Mary) \/ Warryn Campbell, Arr.: Bernhard Gr\u00f6ne)<\/li>\n<li>Oceans (Matt Crocker, Joel Houston, Salomon Ligthelm, Arr.: Bernhard Gr\u00f6ne)<\/li>\n<li>Nobody like Jesus (M: Helmut Jost, T: Ruthild Wilson, Arr.: Bernhard Gr\u00f6ne)<\/li>\n<li>Mary did you know? (T: Mark Lowry, M: Buddy Greene, Arr.: Pentatonix, Bernhard Gr\u00f6ne)<\/li>\n<li>You got the love (Anthony Stephens, Arneica Harris, Arr.: Bernhard Gr\u00f6ne)<\/li>\n<li>Make You Feel my Love (Bob Dylan, Arr.: Bernhard Gr\u00f6ne)<\/li>\n<li>Hallelujah (Leonhard Cohen, Arr.: Bernhard Gr\u00f6ne)<\/li>\n<li>The Last Supper (Andrew Lloyd Webber, Arr.: Bernhard Gr\u00f6ne)<\/li>\n<li>My Lighthouse (Rend Collective, Arr.: Bernhard Gr\u00f6ne)<\/li>\n<\/ul>\n<p><strong>Musiker:<\/strong> Anette Olsson (Klavier), Torsten Bachmann (Schlagzeug), Andr\u00e9 Fischer (Bass), Michaela Haselberger (Querfl\u00f6te), Stefan Resag (E-Gitarre), Bernhard Gr\u00f6ne (Leitung, akust. Gitarre, Solo)<\/p>\n<p><strong>Solisten:<\/strong> Agnes Gro\u00df-B\u00f6lting, Anke Bastisch, Jennifer Winter, Mair\u00e9ad Wolf, Stefan Resag, Susanne Schott<\/p>\n<p><strong>Technik:<\/strong> Kilian Speder<\/p>\n<h3 id=\"A20260123\">Freitag, 23. Januar 2026 Kulturnacht<\/h3>\n<p>um 19:30 Uhr in der evangelischen Kirche Walldorf<br \/>\n<strong>Songs<\/strong><\/p>\n<ul class=\"wp-block-list\">\n<li>We Believe (Lothar Kosse, Arr.: Bernhard Gr\u00f6ne)<\/li>\n<li>Shackles (Erica Atkins-Campbell + Trecina Atkins-Campbell (Mary Mary) \/ Warryn Campbell, Arr.: Bernhard Gr\u00f6ne)<\/li>\n<li>You raise me up (M: Rolf L\u00f8vland, T: Brendan Graham, Arr.: Bernhard Gr\u00f6ne)<\/li>\n<li>Jesus in my house (Judy Bailey, Arr.: Bernhard Gr\u00f6ne)<\/li>\n<li>Mary did you know? (T: Mark Lowry, M: Buddy Greene, Arr.: Pentatonix, Bernhard Gr\u00f6ne)<\/li>\n<li>Lean on me (Bill Withers, Arr.: Bernhard Gr\u00f6ne)<\/li>\n<li>10 000 Reasons (Matt Redman + Jonas Myrin, Arr.: Bernhard Gr\u00f6ne)<\/li>\n<li>Rejoice with exceeding great joy (Lanny Wolfe, Arr.: Bernhard Gr\u00f6ne)<\/li>\n<li>The Last Supper (Andrew Lloyd Webber, Arr.: Bernhard Gr\u00f6ne)<\/li>\n<li>My Lighthouse (Rend Collective, Arr.: Bernhard Gr\u00f6ne)<\/li>\n<\/ul>\n<p><strong>Musiker:<\/strong> Andr\u00e9 Fischer (Bass), Felicitas Fischer von Weikersthal (Querfl\u00f6te), Bernhard Gr\u00f6ne (Leitung, akust. Gitarre, Technik)<\/p>\n<p><strong>Solisten:<\/strong> Agnes Gro\u00df-B\u00f6lting, Jennifer Winter, Mair\u00e9ad Wolf, Stefan Resag, Susanne Schott<\/p>\n","protected":false},"excerpt":{"rendered":"<p>Sonntag, 22. M\u00e4rz 2026 Pop-Gottesdienst mit der Himmelweit-Band um 18:00 in der ev. Kirche St.Leon-Rot Songs Oh Lord, I will worship you (M: Christoph Georgii, T: Lucienne Steup) Shackles (Erica Atkins-Campbell + Trecina Atkins-Campbell (Mary Mary) \/ Warryn Campbell, Arr.: Bernhard Gr\u00f6ne) Herr erbarme dich unser (Bernhard Gr\u00f6ne) Sing Hallelujah! (Dr. Alban, Arr.: Bernhard Gr\u00f6ne) &hellip; <a href=\"https:\/\/www.walldorf-gospel-singers.de\/index.php\/auftritte\/auftritte-2026\/\" class=\"more-link\"><span class=\"screen-reader-text\">Auftritte 2026<\/span> weiterlesen <span class=\"meta-nav\">&rarr;<\/span><\/a><\/p>\n","protected":false},"author":3,"featured_media":0,"parent":9,"menu_order":6,"comment_status":"closed","ping_status":"closed","template":"","meta":{"footnotes":""},"class_list":["post-1355","page","type-page","status-publish","hentry"],"_links":{"self":[{"href":"https:\/\/www.walldorf-gospel-singers.de\/index.php\/wp-json\/wp\/v2\/pages\/1355","targetHints":{"allow":["GET"]}}],"collection":[{"href":"https:\/\/www.walldorf-gospel-singers.de\/index.php\/wp-json\/wp\/v2\/pages"}],"about":[{"href":"https:\/\/www.walldorf-gospel-singers.de\/index.php\/wp-json\/wp\/v2\/types\/page"}],"author":[{"embeddable":true,"href":"https:\/\/www.walldorf-gospel-singers.de\/index.php\/wp-json\/wp\/v2\/users\/3"}],"replies":[{"embeddable":true,"href":"https:\/\/www.walldorf-gospel-singers.de\/index.php\/wp-json\/wp\/v2\/comments?post=1355"}],"version-history":[{"count":4,"href":"https:\/\/www.walldorf-gospel-singers.de\/index.php\/wp-json\/wp\/v2\/pages\/1355\/revisions"}],"predecessor-version":[{"id":1372,"href":"https:\/\/www.walldorf-gospel-singers.de\/index.php\/wp-json\/wp\/v2\/pages\/1355\/revisions\/1372"}],"up":[{"embeddable":true,"href":"https:\/\/www.walldorf-gospel-singers.de\/index.php\/wp-json\/wp\/v2\/pages\/9"}],"wp:attachment":[{"href":"https:\/\/www.walldorf-gospel-singers.de\/index.php\/wp-json\/wp\/v2\/media?parent=1355"}],"curies":[{"name":"wp","href":"https:\/\/api.w.org\/{rel}","templated":true}]}}