{"id":155,"date":"2014-01-18T23:21:57","date_gmt":"2014-01-18T22:21:57","guid":{"rendered":"http:\/\/www.walldorf-gospel-singers.de\/?page_id=155"},"modified":"2014-07-17T11:57:43","modified_gmt":"2014-07-17T10:57:43","slug":"auftritte-2013","status":"publish","type":"page","link":"https:\/\/www.walldorf-gospel-singers.de\/index.php\/auftritte\/auftritte-2013\/","title":{"rendered":"Auftritte 2013"},"content":{"rendered":"<p><strong id=\"A20131207\">7. Dezember 2013 Walldorfer Weihnachtsmarkt<\/strong><br \/>\nIm Pavillon in der Hauptstra\u00dfe Walldorf<\/p>\n<p><strong>Songs:<\/strong><\/p>\n<ul>\n<li>Sing a new song (Udo + Silke Zimmermann, Arr.: Bernhard Gr\u00f6ne)<\/li>\n<li>Mary&#8217;s Boy Child (Jester Hairston, Arr.: Bernhard Gr\u00f6ne)<\/li>\n<li>God will make a way (Don Moen)<\/li>\n<li>Stern \u00fcber Bethlehem ( Arr.: Bernhard Gr\u00f6ne)<\/li>\n<li>Great is Your Mercy (Donnie McClurkin, Arr.: Bernhard Gr\u00f6ne)<\/li>\n<li>Amazing Grace<\/li>\n<li>Silent Night \/ Stille Nacht<\/li>\n<li>Open the Eyes of my Heart (Paul Baloche, Arr.: Bernhard Gr\u00f6ne)<\/li>\n<li>Winter Wonderland (Dick Smith, Felix Bernard)\n<li>Carriers of the Light (Jerry Estes)<\/li>\n<li>Jesus be a fence (Fred Hammond)<\/li>\n<li>Santa Claus is coming to town<\/li>\n<\/ul>\n<p><strong>Musiker<\/strong>: Bernhard Gr\u00f6ne (Leitung, akust. Gitarre)<\/p>\n<p><strong id=\"A20131024\">24. Oktober 2013 Jubil\u00e4umsfeier der Frauengruppe &#8222;Mittendrin&#8220;<br \/>\n<\/strong><br \/>\nIm evangelischen Gemeindehaus in Walldorf<\/p>\n<p><strong>Songs:<\/strong><\/p>\n<ul>\n<li>Sing a new song (Udo + Silke Zimmermann, Arr.: Bernhard Gr\u00f6ne)<\/li>\n<li>Carriers of the Light (Jerry Estes)<\/li>\n<li>Open the Eyes of my Heart (Paul Beloche, Arr.: Bernhard Gr\u00f6ne)<\/li>\n<\/ul>\n<p><strong>Musiker<\/strong>: Bernhard Gr\u00f6ne (Leitung, akust. Gitarre), Anette Olsson (Klavier)<\/p>\n<p><strong id=\"A20131012\">12. Oktober 2013 Musikalisches Abendgebet in der kath. Kirche St. Peter, Walldorf<br \/>\n<\/strong><\/p>\n<p><strong>Songs:<\/strong><\/p>\n<ul>\n<li>Jesus I love calling Your name (Shirley Caesar)<\/li>\n<li>Great is Your Mercy (Donnie McClurkin, Arr.: Bernhard Gr\u00f6ne)<\/li>\n<li>Draw me close to You (Kelly Carpenter)<\/li>\n<li>Open the Eyes of my Heart (Paul Beloche, Arr.: Bernhard Gr\u00f6ne)<\/li>\n<li>Oh Happy Day (Edwin Hawkins)<\/li>\n<li><a href=\"http:\/\/youtu.be\/pw5hj99C6jQ\">This little light of mine<\/a> (Harry Dixon Loes \/ trad., Arr.: Bernhard Gr\u00f6ne)<\/li>\n<\/ul>\n<p><strong>Musiker<\/strong>: Bernhard Gr\u00f6ne (Leitung, akust. Gitarre, Gesangssolo), Sadya Barletta (Gesangssolo), Krisztina Voeroes (Gesangssolo), Anette Olsson (Klavier), Werner Gabrisch (Bass), Torsten Bachmann (Schlagzeug)<\/p>\n<p><strong id=\"A20130928\">28. September 2013 Konzert &#8222;Gospel &amp; More&#8220;<br \/>\n<\/strong><\/p>\n<p>Gemeinsames Konzert mit den Chor TimeOut-Auszeit aus Eberhardzell<\/p>\n<p><img loading=\"lazy\" decoding=\"async\" class=\"alignnone\" alt=\"\" src=\"http:\/\/www.groeneland.de\/28-09-13_Vorderseite.jpg\" width=\"310\" height=\"300\" \/><\/p>\n<p><strong>Songs<\/strong> der Walldorf Gospel Singers:<\/p>\n<ul>\n<li>Carriers of the Light (Jerry Estes), zusammen mit TimeOut-Auszeit<\/li>\n<li>God will make a way (Don Moen)<\/li>\n<li>Draw me close to You (Kelly Carpenter)<\/li>\n<li><a href=\"http:\/\/youtu.be\/gUYuboRDIG8\">Smiling<\/a> (Joakim Arenius, Arr.: Bernhard Gr\u00f6ne)<\/li>\n<li>At the Cross (Hillsong)<\/li>\n<li>Oh Happy Day (Edwin Hawkins)<\/li>\n<li>Free Your Soul (Martin Carbow)<\/li>\n<li>Sing a new song (Udo + Silke Zimmermann, Arr.: Bernhard Gr\u00f6ne)<\/li>\n<li>Great is Your Mercy (Donnie McClurkin, Arr.: Bernhard Gr\u00f6ne)<\/li>\n<li><a title=\"This little light of mine\" href=\"https:\/\/soundcloud.com\/kefirsound\/this-little-light-of-mine\">This little light of mine<\/a> (Harry Dixon Loes \/ trad., Arr.: Bernhard Gr\u00f6ne)<\/li>\n<li>Jesus I love calling Your name (Shirley Caesar)<\/li>\n<li>Open the Eyes of my Heart (Paul Beloche, Arr.: Bernhard Gr\u00f6ne)<\/li>\n<\/ul>\n<p><strong>Musiker<\/strong>: Bernhard Gr\u00f6ne (Leitung, akust. Gitarre, Gesangssolo), Sadya Barletta (Gesangssolo), Krisztina Voeroes (Gesangssolo), Anette Olsson (Klavier), Werner Gabrisch (Bass), Luca Breunig (E-Gitarre), Knut Hansen (Cajon + Boomwhacker)<\/p>\n<p><a href=\"http:\/\/www.walldorf-gospel-singers.de\/wp-content\/uploads\/IMG_0139-cut.jpg\"><img decoding=\"async\" class=\"aligncenter size-medium wp-image-127\" alt=\"Gospel &amp; More 28.9.2013\" src=\"http:\/\/www.walldorf-gospel-singers.de\/wp-content\/uploads\/IMG_0139-cut.jpg\" \/><\/a><\/p>\n<p><a href=\"http:\/\/www.walldorf-gospel-singers.de\/wp-content\/uploads\/IMG_0087-cut.jpg\"><img loading=\"lazy\" decoding=\"async\" class=\"aligncenter size-medium wp-image-129\" alt=\"IMG_0087-cut\" src=\"http:\/\/www.walldorf-gospel-singers.de\/wp-content\/uploads\/IMG_0087-cut.jpg\" width=\"145\" height=\"142\" \/><\/a><a href=\"http:\/\/www.walldorf-gospel-singers.de\/wp-content\/uploads\/IMG_0054-cut.jpg\"><img loading=\"lazy\" decoding=\"async\" class=\"aligncenter size-medium wp-image-128\" alt=\"IMG_0054-cut\" src=\"http:\/\/www.walldorf-gospel-singers.de\/wp-content\/uploads\/IMG_0054-cut.jpg\" width=\"150\" height=\"106\" \/><\/a> <a href=\"http:\/\/www.walldorf-gospel-singers.de\/wp-content\/uploads\/IMG_0090-cut2.jpg\"><img loading=\"lazy\" decoding=\"async\" class=\"aligncenter size-medium wp-image-130\" alt=\"IMG_0090-cut2\" src=\"http:\/\/www.walldorf-gospel-singers.de\/wp-content\/uploads\/IMG_0090-cut2.jpg\" width=\"255\" height=\"166\" \/><\/a> <a href=\"http:\/\/www.walldorf-gospel-singers.de\/wp-content\/uploads\/IMG_0095-cut2.jpg\"><img decoding=\"async\" class=\"aligncenter size-medium wp-image-131\" alt=\"IMG_0095-cut2\" src=\"http:\/\/www.walldorf-gospel-singers.de\/wp-content\/uploads\/IMG_0095-cut2.jpg\" \/><\/a> <a href=\"http:\/\/www.walldorf-gospel-singers.de\/wp-content\/uploads\/IMG_0163-cut2.jpg\"><img decoding=\"async\" class=\"aligncenter size-medium wp-image-132\" alt=\"IMG_0163-cut2\" src=\"http:\/\/www.walldorf-gospel-singers.de\/wp-content\/uploads\/IMG_0163-cut2.jpg\" \/><\/a><\/p>\n<p><strong id=\"A20130915\">15. September 2013 Bazar im ev. Gemeindehaus<br \/>\n<\/strong><\/p>\n<p><strong>Songs<\/strong>:<\/p>\n<ul>\n<li>Sing a New Song (U.+S. Zimmermann)<\/li>\n<li>Free Your Soul (Martin Carbow)<\/li>\n<li>Great is Your Mercy (Donnie McClurkin)<\/li>\n<li>Jesus I love calling Your name (Shirley Caesar)<\/li>\n<li>Smiling (Joakim Arenius)<\/li>\n<li>God will make a way (Don Moen)<\/li>\n<li>Open the Eyes of my Heart (Paul Beloche)<\/li>\n<li>Oh Happy Day (Edwin Hawkins)<\/li>\n<\/ul>\n<p><strong>Musiker<\/strong>: Bernhard Gr\u00f6ne (Leitung, akust. Gitarre, Gesangssolo), Sadya Barletta (Gesangssolo), Krisztina Voeroes (Gesangssolo), Torsten Bachmann (Technik)<\/p>\n<p>&nbsp;<\/p>\n<p><strong id=\"A20130616\">16. Juni 2013: Gottesdienst zur Einf\u00fchrung von Pfarrerin Wibke Klomp in der evangelischen Kirche Walldorf<\/strong><\/p>\n<p><strong>Songs<\/strong>:<\/p>\n<ul>\n<li>Sing a New Song (U.+S. Zimmermann)<\/li>\n<\/ul>\n<p><strong>Musiker<\/strong>: Bernhard Gr\u00f6ne (Leitung, akust. Gitarre, Gesangssolo, Technik)<\/p>\n<p>&nbsp;<\/p>\n<p><strong id=\"A20130520\">20. Mai 2013: \u00d6kumenischer Pfingstmontagsgottesdienst in der evangelischen Kirche Walldorf<\/strong><\/p>\n<p><strong>Songs<\/strong>:<\/p>\n<ul>\n<li>Sing a New Song (U.+S. Zimmermann)<\/li>\n<li>Great is Your Mercy (Donnie McClurkin)<\/li>\n<li>Oh Happy Day (Edwin Hawkins)<\/li>\n<\/ul>\n<p><strong>Musiker<\/strong>: Bernhard Gr\u00f6ne (Leitung, akust. Gitarre, Gesangssolo, Technik)<\/p>\n<p>&nbsp;<\/p>\n<p><strong id=\"A20130413\">13. und 14. April 2013: Konfirmation in der evangelischen Kirche Walldorf<\/strong><\/p>\n<p><strong>Songs<\/strong>:<\/p>\n<ul>\n<li>Samstag, 13.4. Abendmahl: Highway to Heaven, Amazing Grace, God will make a way, Draw me close to You<\/li>\n<li>Sonntag, 14.4. Konfirmation: Smiling, Great is Your Mercy, Oh Happy Day<\/li>\n<\/ul>\n<p><strong>Musiker<\/strong>: Anette Olsson (Piano), Wolfram Kleis (Bass), Luca Breunig (E-Gitarre), Benjamin Peterka (Cajon), Bernhard Gr\u00f6ne (Leitung, akust. Gitarre, Gesangssolo, Technik)<\/p>\n<figure id=\"attachment_69\" aria-describedby=\"caption-attachment-69\" style=\"width: 300px\" class=\"wp-caption aligncenter\"><a href=\"http:\/\/www.walldorf-gospel-singers.de\/wp-content\/uploads\/2013-04-13-IMG_0097.jpg\"><img loading=\"lazy\" decoding=\"async\" class=\"size-medium wp-image-69\" alt=\"Auf der Empore\" src=\"http:\/\/www.walldorf-gospel-singers.de\/wp-content\/uploads\/2013-04-13-IMG_0097-300x175.jpg\" width=\"300\" height=\"175\" srcset=\"https:\/\/www.walldorf-gospel-singers.de\/wgs-content\/uploads\/2013-04-13-IMG_0097-300x175.jpg 300w, https:\/\/www.walldorf-gospel-singers.de\/wgs-content\/uploads\/2013-04-13-IMG_0097-624x364.jpg 624w, https:\/\/www.walldorf-gospel-singers.de\/wgs-content\/uploads\/2013-04-13-IMG_0097.jpg 990w\" sizes=\"auto, (max-width: 300px) 100vw, 300px\" \/><\/a><figcaption id=\"caption-attachment-69\" class=\"wp-caption-text\">Auf der Empore<\/figcaption><\/figure>\n","protected":false},"excerpt":{"rendered":"<p>7. Dezember 2013 Walldorfer Weihnachtsmarkt Im Pavillon in der Hauptstra\u00dfe Walldorf Songs: Sing a new song (Udo + Silke Zimmermann, Arr.: Bernhard Gr\u00f6ne) Mary&#8217;s Boy Child (Jester Hairston, Arr.: Bernhard Gr\u00f6ne) God will make a way (Don Moen) Stern \u00fcber Bethlehem ( Arr.: Bernhard Gr\u00f6ne) Great is Your Mercy (Donnie McClurkin, Arr.: Bernhard Gr\u00f6ne) Amazing &hellip; <a href=\"https:\/\/www.walldorf-gospel-singers.de\/index.php\/auftritte\/auftritte-2013\/\" class=\"more-link\"><span class=\"screen-reader-text\">Auftritte 2013<\/span> weiterlesen <span class=\"meta-nav\">&rarr;<\/span><\/a><\/p>\n","protected":false},"author":3,"featured_media":0,"parent":9,"menu_order":20,"comment_status":"closed","ping_status":"closed","template":"","meta":{"footnotes":""},"class_list":["post-155","page","type-page","status-publish","hentry"],"_links":{"self":[{"href":"https:\/\/www.walldorf-gospel-singers.de\/index.php\/wp-json\/wp\/v2\/pages\/155","targetHints":{"allow":["GET"]}}],"collection":[{"href":"https:\/\/www.walldorf-gospel-singers.de\/index.php\/wp-json\/wp\/v2\/pages"}],"about":[{"href":"https:\/\/www.walldorf-gospel-singers.de\/index.php\/wp-json\/wp\/v2\/types\/page"}],"author":[{"embeddable":true,"href":"https:\/\/www.walldorf-gospel-singers.de\/index.php\/wp-json\/wp\/v2\/users\/3"}],"replies":[{"embeddable":true,"href":"https:\/\/www.walldorf-gospel-singers.de\/index.php\/wp-json\/wp\/v2\/comments?post=155"}],"version-history":[{"count":5,"href":"https:\/\/www.walldorf-gospel-singers.de\/index.php\/wp-json\/wp\/v2\/pages\/155\/revisions"}],"predecessor-version":[{"id":232,"href":"https:\/\/www.walldorf-gospel-singers.de\/index.php\/wp-json\/wp\/v2\/pages\/155\/revisions\/232"}],"up":[{"embeddable":true,"href":"https:\/\/www.walldorf-gospel-singers.de\/index.php\/wp-json\/wp\/v2\/pages\/9"}],"wp:attachment":[{"href":"https:\/\/www.walldorf-gospel-singers.de\/index.php\/wp-json\/wp\/v2\/media?parent=155"}],"curies":[{"name":"wp","href":"https:\/\/api.w.org\/{rel}","templated":true}]}}