{"id":327,"date":"2015-01-31T23:03:15","date_gmt":"2015-01-31T22:03:15","guid":{"rendered":"http:\/\/www.walldorf-gospel-singers.de\/?page_id=327"},"modified":"2016-01-01T22:38:29","modified_gmt":"2016-01-01T21:38:29","slug":"auftritte-2015","status":"publish","type":"page","link":"https:\/\/www.walldorf-gospel-singers.de\/index.php\/auftritte\/auftritte-2015\/","title":{"rendered":"Auftritte 2015"},"content":{"rendered":"<h3 id=\"A20151226\">26. Dezember 2015 Gottesdienst zum 2. Weihnachtsfeiertag<\/h3>\n<p>Um 18:00 Uhr in der evangelischen Kirche in Walldorf<\/p>\n<p><strong>Songs:<\/strong><\/p>\n<ul>\n<li>Stern \u00fcber Bethlehem (Alfred Hans Zoller \/ Arr.: Bernhard Gr\u00f6ne)<\/li>\n<li>Calypso Gloria (trad.)<\/li>\n<li>Hallelujah (Leonhard Cohen, Arr.: Bernhard Gr\u00f6ne)<\/li>\n<li>Oh Happy Day (Edwin Hawkins)<\/li>\n<li>Winter Wonderland (M: Felix Bernard, T: Dick Smith \/ Arr.: Bernhard Gr\u00f6ne)<\/li>\n<li>Jesus, Oh what a wonderful child (trad., Arr.: Bernhard Gr\u00f6ne)<\/li>\n<\/ul>\n<p><strong>Musiker<\/strong>: Anette Olsson (Klavier), Torsten Bachmann (Schlagzeug, Technik), Bernhard Gr\u00f6ne (Leitung, akust. Gitarre)<\/p>\n<p><strong>Solisten<\/strong>: Krisztina V\u00f6r\u00f6s, Susanne Schott, Stefan Resag, Bernhard Gr\u00f6ne<\/p>\n<h3 id=\"A20151127\">27. November 2015 Weihnachtsmarkt &#8211; Er\u00f6ffnung<\/h3>\n<p>Um 18:00 Uhr am <a href=\"https:\/\/www.google.de\/maps\/place\/49%C2%B018'08.9%22N+8%C2%B038'26.1%22E\/@49.3024613,8.6397771,233m\/data=!3m2!1e3!4b1!4m2!3m1!1s0x0:0x0\">Pavillon<\/a> (Marktplatz) in der Hauptstra\u00dfe in Walldorf<br \/>\n<strong>Songs:<\/strong><\/p>\n<ul>\n<li>Mary\u2019s Boy Child (Jester Hairston \/ Arr.: Bernhard Gr\u00f6ne)<\/li>\n<li>Jesus, Oh what a wonderful child (trad., Arr.: Bernhard Gr\u00f6ne)<\/li>\n<li>Jesus I love calling Your name (Shirley Caesar)<\/li>\n<li>Go, tell it on the mountain (trad. \/ Arr.: Bernhard Gr\u00f6ne)<\/li>\n<li>Calypso Gloria (trad.)<\/li>\n<li>Happy Birthday (trad. \/ Arr.: Bernhard Gr\u00f6ne)<\/li>\n<li>Winter Wonderland (M: Felix Bernard, T: Dick Smith \/ Arr.: Bernhard Gr\u00f6ne)<\/li>\n<li>Carriers of the Light (Jerry Estes)<\/li>\n<li>Santa Claus is coming to town (M: John Frederick Coots, T: Haven Gillespie)<\/li>\n<li>In Christ Alone (Keith Getty, Stuart Townend \/ Arr.: Bernhard Gr\u00f6ne)<\/li>\n<li>Oh Happy Day (Edwin Hawkins)<\/li>\n<li>Stern \u00fcber Bethlehem (Alfred Hans Zoller \/ Arr.: Bernhard Gr\u00f6ne)<\/li>\n<li>Silent Night \/ Stille Nacht (M: Franz Xaver Gruber, T: Joseph Mohr)<\/li>\n<li>Amazing Grace (trad.)<\/li>\n<li>Hallelujah (Leonhard Cohen, Arr.: Bernhard Gr\u00f6ne)<\/li>\n<li>Jesus, Oh what a wonderful child (trad., Arr.: Bernhard Gr\u00f6ne)<\/li>\n<\/ul>\n<p><strong>Musiker<\/strong>: Anette Olsson (Klavier), Torsten Bachmann (Schlagzeug, Technik), Werner Gabrisch (Bass), Felicitas Fischer von Weikersthal (Querfl\u00f6te), Bernhard Gr\u00f6ne (Leitung, akust. Gitarre)<\/p>\n<p><strong>Solisten<\/strong>: Agnes Gro\u00df-B\u00f6lting, Anke Bastisch, Mairead Wolf, Susanne Schott, Stefan Resag, Bernhard Gr\u00f6ne<\/p>\n<h3 id=\"A20151121\">21. November 2015 Lange Nacht der Kirche<\/h3>\n<p>Um 21:00 Uhr in der evangelischen Kirche in Walldorf<\/p>\n<p><strong>Songs:<\/strong><\/p>\n<ul>\n<li>Jesus, Oh what a wonderful child (trad., Arr.: Bernhard Gr\u00f6ne)<\/li>\n<li>Thank You (York Sommer)<\/li>\n<li>In Christ Alone (Keith Getty, Stuart Townend \/ Arr.: Bernhard Gr\u00f6ne)<\/li>\n<li>I will follow him (M: Franck Pourcel,Paul Mauriat, T: Jacques Plante, Arr.: Bernhard Gr\u00f6ne)<\/li>\n<li>I Surrender All (trad., Arr.: Tore W. Aas \/ Bernhard Gr\u00f6ne)<\/li>\n<li>At the Table (Richard Smallwood)<\/li>\n<li>Hallelujah (Leonhard Cohen, Arr.: Bernhard Gr\u00f6ne)<\/li>\n<li>Oh Happy Day (Edwin Hawkins)<\/li>\n<li>Open the Eyes of my Heart (Paul Baloche, Arr.: Bernhard Gr\u00f6ne)<\/li>\n<\/ul>\n<p><strong>Musiker<\/strong>: Anette Olsson (Klavier), Torsten Bachmann (Schlagzeug, Technik), Werner Gabrisch (Bass, Querfl\u00f6te), Bernhard Gr\u00f6ne (Leitung, akust. Gitarre)<\/p>\n<p><strong>Solisten<\/strong>: Agnes Gro\u00df-B\u00f6lting, Annika von Redwitz, Mairead Wolf, Susanne Schott, Stefan Resag, Bernhard Gr\u00f6ne<\/p>\n<h3 id=\"A20151108\">8. November 2015 Familiengottesdienst<\/h3>\n<p>Um 10:30 Uhr in der katholischen Kirche in Walldorf<\/p>\n<p><strong>Songs:<\/strong><\/p>\n<ul>\n<li>Carriers of the Light (Jerry Estes)<\/li>\n<li>Gro\u00df ist unser Gott &#8211; Herr der Ewigkeit (Lothar Kosse, Arr.: Bernhard Gr\u00f6ne)<\/li>\n<li>Herr, ich komme zu Dir (Alber Frey, Arr.: Annette Hauser)<\/li>\n<li>At the Table (Richard Smallwood)<\/li>\n<li>Open the Eyes of my Heart (Paul Baloche, Arr.: Bernhard Gr\u00f6ne)<\/li>\n<li>Da ber\u00fchren sich Himmel und Erde (T: Thomas Laubach, M: Christoph Lehmann, Arr.: Bernhard Gr\u00f6ne)<\/li>\n<li>In Christ Alone (Keith Getty, Stuart Townend \/ Arr.: Bernhard Gr\u00f6ne)<\/li>\n<li>Jesus I love calling Your name (Shirley Caesar)<\/li>\n<li>Herr, wir bitten, komm und segne uns (Peter Strauch \/ Arr.: Bernhard Gr\u00f6ne)<\/li>\n<li>Hallelujah (Leonhard Cohen, Arr.: Bernhard Gr\u00f6ne)<\/li>\n<li>Jesus, Oh what a wonderful child (trad., Arr.: Bernhard Gr\u00f6ne)<\/li>\n<\/ul>\n<p><strong>Musiker<\/strong>: Anette Olsson (Klavier), Torsten Bachmann (Schlagzeug, Technik), Werner Gabrisch (Bass), Eva Gr\u00f6ne (Querfl\u00f6te), Bernhard Gr\u00f6ne (Leitung, akust. Gitarre)<\/p>\n<p><strong>Solisten<\/strong>: Agnes Gro\u00df-B\u00f6lting, Anke Bastisch, Mairead Wolf, Susanne Schott, Stefan Resag, Bernhard Gr\u00f6ne<\/p>\n<h3 id=\"A20150926\">26. September 2015 Musikalisches Abendgebet<\/h3>\n<p>Um 18:30 in der Katholischen Kirche St. Peter in Walldorf.<\/p>\n<p><strong>Songs:<\/strong><\/p>\n<ul>\n<li>Sing a New Song (U.+S. Zimmermann)<\/li>\n<li>Calypso Gloria (trad.)<\/li>\n<li>Thank You (York Sommer)<\/li>\n<li>Great is Your Mercy (Donnie McClurkin, Arr.: Bernhard Gr\u00f6ne)<\/li>\n<li>Da ber\u00fchren sich Himmel und Erde (T: Thomas Laubach, M: Christoph Lehmann, Arr.: Bernhard Gr\u00f6ne)<\/li>\n<li>Hallelujah (Leonhard Cohen, Arr.: Bernhard Gr\u00f6ne)<\/li>\n<\/ul>\n<p><strong>Musiker<\/strong>: Torsten Bachmann (Schlagzeug, Technik), Werner Gabrisch (Bass), Bernhard Gr\u00f6ne (Leitung, akust. Gitarre)<\/p>\n<p><strong>Solisten<\/strong>: Felicitas Fischer von Weikersthal, Krisztina V\u00f6r\u00f6s, Bernhard Gr\u00f6ne<\/p>\n<h3 id=\"A20150920\">20. September 2015 Gemeindefest Bazar<\/h3>\n<p>Um 16:00 im evangelischen Gemeindehaus in Walldorf.<\/p>\n<p><strong>Songs:<\/strong><\/p>\n<ul>\n<li>Carriers of the Light (Jerry Estes)<\/li>\n<li>Jesus I love calling Your name (Shirley Caesar)<\/li>\n<li>Calypso Gloria (trad.)<\/li>\n<li>Da ber\u00fchren sich Himmel und Erde (T: Thomas Laubach, M: Christoph Lehmann, Arr.: Bernhard Gr\u00f6ne)<\/li>\n<li>Hallelujah (Leonhard Cohen, Arr.: Bernhard Gr\u00f6ne)<\/li>\n<li>One more time (Rev. James Moore)<\/li>\n<li>Thank You (York Sommer)<\/li>\n<li>In Christ Alone (Keith Getty, Stuart Townend \/ Arr.: Bernhard Gr\u00f6ne)<\/li>\n<li>Oh Happy Day (Edwin Hawkins)<\/li>\n<li>I will follow him (M: Franck Pourcel,Paul Mauriat, T: Jacques Plante, Arr.: Bernhard Gr\u00f6ne)<\/li>\n<li>Gro\u00df ist unser Gott &#8211; Herr der Ewigkeit (Lothar Kosse, Arr.: Bernhard Gr\u00f6ne)<\/li>\n<\/ul>\n<p><strong>Musiker<\/strong>: Anette Olsson (Klavier), Werner Gabrisch (Bass, Querfl\u00f6te), Bernhard Gr\u00f6ne (Leitung, akust. Gitarre)<\/p>\n<p><strong>Solisten<\/strong>: Agnes Gro\u00df-B\u00f6lting, Anke Bastisch, Mairead Wolf, Susanne Schott (+ Technik), Bernhard Gr\u00f6ne<\/p>\n<h3 id=\"A20150912\">12. September 2015 Taufe am See<\/h3>\n<p>Um 10:00 Uhr am <a href=\"https:\/\/www.google.com\/maps\/place\/49%C2%B016%2751.8%22N+8%C2%B035%2731.8%22E\/@49.2810625,8.592178,15z\/data=%213m1%214b1%214m2%213m1%211s0x0:0x0\">Badesee St. Leon, Eingang 2<\/a> zusammen mit dem Kinderchor &#8222;Die Kirchenm\u00e4use&#8220; Wiesloch<\/p>\n<p><strong>Songs:<\/strong><\/p>\n<ul>\n<li>Danke (Martin Gotthard Schneider, Arr.: Bernhard Gr\u00f6ne)<\/li>\n<li>Gro\u00df ist unser Gott &#8211; Herr der Ewigkeit (Lothar Kosse, Arr.: Bernhard Gr\u00f6ne)<\/li>\n<li>In Christ Alone (Keith Getty, Stuart Townend \/ Arr.: Bernhard Gr\u00f6ne)<\/li>\n<li>Amazing Grace (trad.)<\/li>\n<li>Jesus I love calling Your name (Shirley Caesar)<\/li>\n<li>Total Praise (Richard Smallwood)<\/li>\n<li>Great is Your Mercy (Donnie McClurkin, Arr.: Bernhard Gr\u00f6ne)<\/li>\n<li>I surrender All (trad., Arr.: Tore W. Aas \/ Bernhard Gr\u00f6ne)<\/li>\n<li>Hallelujah (Leonhard Cohen, Arr.: Bernhard Gr\u00f6ne)<\/li>\n<li>Da ber\u00fchren sich Himmel und Erde (T: Thomas Laubach, M: Christoph Lehmann, Arr.: Bernhard Gr\u00f6ne)<\/li>\n<li>Herr, wir bitten, komm und segne uns (EG 610, Peter Strauch \/ Arr.: Bernhard Gr\u00f6ne)<\/li>\n<li>Masithi Amen (trad.)<\/li>\n<\/ul>\n<p><strong>Musiker<\/strong>: Anette Olsson (Klavier), Torsten Bachmann (Schlagzeug, Technik), Werner Gabrisch (Bass, Querfl\u00f6te), Bernhard Gr\u00f6ne (Leitung, akust. Gitarre)<\/p>\n<p><strong>Solisten<\/strong>: Agnes Gro\u00df-B\u00f6lting, Annika von Redwitz, Anke Bastisch, Mairead Wolf, Susanne Schott, Bernhard Gr\u00f6ne<\/p>\n<h3 id=\"A20150718\">18. Juli 2015 Sommerparty<\/h3>\n<p>Um 18:30 Uhr am Erlichsee<\/p>\n<p><strong>Songs:<\/strong><\/p>\n<ul>\n<li>Walldorf Gospel Singers are around (M: Brian May, T.+Arr.: Bernhard Gr\u00f6ne)<\/li>\n<li>Oh Happy Day (Edwin Hawkins)<\/li>\n<li>At the Table (Richard Smallwood)<\/li>\n<li>Jesus, I love calling Your name (Shirley Caesar, Arr.: Bernhard Gr\u00f6ne)<\/li>\n<li>Happy Birthday (trad., Arr.: Bernhard Gr\u00f6ne)<\/li>\n<li>Hallelujah (Leonhard Cohen, Arr.: Bernhard Gr\u00f6ne)<\/li>\n<li>Thank You (York Sommer)<\/li>\n<li>Open the Eyes of my Heart (Paul Baloche, Arr.: Bernhard Gr\u00f6ne)<\/li>\n<li>I will follow him (M: Franck Pourcel,Paul Mauriat, T: Jacques Plante, Arr.: Bernhard Gr\u00f6ne)<\/li>\n<li>Lollipop (Julius Dixson, Beverly Ross, Arr.: Bernhard Gr\u00f6ne)<\/li>\n<li>Nothing Else Matters (James Hetfield, Lars Ulrich, Arr.: Bernhard Gr\u00f6ne)<\/li>\n<\/ul>\n<p><strong>Musiker<\/strong>: Anette Olsson (Klavier), Torsten Bachmann (Schlagzeug, Technik), Werner Gabrisch (Bass), Bernhard Gr\u00f6ne (Leitung, Gitarre)<\/p>\n<p><strong>Solisten<\/strong>: Agnes Gro\u00df-B\u00f6lting, Annika von Redwitz, Sadya Barletta, Susanne Schott, Bernhard Gr\u00f6ne<\/p>\n<h3 id=\"A20150712\">12. Juli 2015 Familiengottesdienst<\/h3>\n<p>Um 10:30 Uhr in der katholischen Kirche in Walldorf<\/p>\n<p><strong>Songs:<\/strong><\/p>\n<ul>\n<li>Highway to Heaven (trad.)<\/li>\n<li>Calypso Gloria (trad.)<\/li>\n<li>I surrender All (trad., Arr.: Tore W. Aas \/ Bernhard Gr\u00f6ne)<\/li>\n<li>Gro\u00df ist unser Gott &#8211; Herr der Ewigkeit (Lothar Kosse, Arr.: Bernhard Gr\u00f6ne)<\/li>\n<li>At the Table (Richard Smallwood)<\/li>\n<li>Open the Eyes of my Heart (Paul Baloche, Arr.: Bernhard Gr\u00f6ne)<\/li>\n<li>Wir wollen Frieden f\u00fcr alle (trad.)<\/li>\n<li>In Christ Alone (Keith Getty, Stuart Townend \/ Arr.: Bernhard Gr\u00f6ne)<\/li>\n<li><a href=\"https:\/\/youtu.be\/rLxhLna8vK0\">Herr, wir bitten, komm und segne uns<\/a> (EG 610, Peter Strauch \/ Arr.: Bernhard Gr\u00f6ne)<\/li>\n<li>Jesus be a fence (trad., Arr.: Fred Hammond \/ Bernhard Gr\u00f6ne)<\/li>\n<li>Hallelujah (Leonhard Cohen, Arr.: Bernhard Gr\u00f6ne)<\/li>\n<\/ul>\n<p><strong>Musiker<\/strong>: Anette Olsson (Klavier), Torsten Bachmann (Schlagzeug, Technik), Werner Gabrisch (Bass), Felicitas Fischer von Weikersthal (Querfl\u00f6te), Bernhard Gr\u00f6ne (Leitung, akust. Gitarre)<\/p>\n<p><strong>Solisten<\/strong>: Agnes Gro\u00df-B\u00f6lting, Annika von Redwitz, Felicitas Fischer von Weikersthal, Mairead Wolf, Susanne Schott, Bernhard Gr\u00f6ne<\/p>\n<h3 id=\"A20150621\">21. Juni 2015 Festgottesdienst zur Bezirksvisitation und Ordination von Pfarrerin Marina von Ameln<\/h3>\n<p>Um 10:00 Uhr in der evangelischen Kirche in Walldorf<\/p>\n<p><strong>Songs:<\/strong><\/p>\n<ul>\n<li>Great is Your Mercy (Donnie McClurkin, Arr.: Bernhard Gr\u00f6ne)<\/li>\n<li>Amazing Grace (trad.)<\/li>\n<li>Total Praise (Richard Smallwood)<\/li>\n<li>Thank You (York Sommer)<\/li>\n<\/ul>\n<p><strong>Musiker<\/strong>: Bernhard Gr\u00f6ne (Leitung, akust. Gitarre)<\/p>\n<p><strong>Solisten<\/strong>: Krisztina V\u00f6r\u00f6s, Susanne Schott, Bernhard Gr\u00f6ne<\/p>\n<h3 id=\"A20150620\">20. Juni 2015 Hochzeit<\/h3>\n<p>Um 15:00 Uhr in der evangelischen Kirche in Walldorf<\/p>\n<p><strong>Songs:<\/strong><\/p>\n<ul>\n<li>Herr, Deine Liebe (M: Lars Ake Lundberg, T: Ernst Hansen)<\/li>\n<li>Thank You (York Sommer)<\/li>\n<li>I will follow him (M: Franck Pourcel,Paul Mauriat, T: Jacques Plante, Arr.: Bernhard Gr\u00f6ne)<\/li>\n<li>Oh Happy Day (Edwin Hawkins)<\/li>\n<\/ul>\n<p><strong>Musiker<\/strong>: Anette Olsson (Klavier), Torsten Bachmann (Schlagzeug, Technik), Bernhard Gr\u00f6ne (Leitung, akust. Gitarre)<\/p>\n<p><strong>Solisten<\/strong>: Susanne Schott, Sadya Barletta, Bernhard Gr\u00f6ne<\/p>\n<h3 id=\"A20150614\">14. Juni 2015 Interreligi\u00f6ses Fest<\/h3>\n<p>in Rot, vor dem kath. Pfarrheim (Hauptstr. 104)<\/p>\n<p><strong>Songs:<\/strong><\/p>\n<p>12:00 Mittagsgebet<\/p>\n<ul>\n<li>Herr, ich komme zu Dir (Albert Frey, Arr.: Annette Hauser)<\/li>\n<li>Wir wollen Frieden f\u00fcr alle (trad.)<\/li>\n<li><a href=\"https:\/\/www.youtube.com\/watch?v=TBMJMhjuC-s\">Gro\u00df ist unser Gott &#8211; Herr der Ewigkeit<\/a> (Lothar Kosse, Arr.: Bernhard Gr\u00f6ne)<\/li>\n<\/ul>\n<p>14:00 Konzert<\/p>\n<ul>\n<li>Carriers of the Light (Jerry Estes)<\/li>\n<li>God will make a way (Don Moen, Arr.: Tore W. Aas)<\/li>\n<li>Sing a New Song (Udo + Silke Zimmermann, Arr.: Bernhard Gr\u00f6ne)<\/li>\n<li>Amazing Grace (trad.)<\/li>\n<li>Great is Your Mercy (Donnie McClurkin, Arr.: Bernhard Gr\u00f6ne)<\/li>\n<li>At the Table (Richard Smallwood)<\/li>\n<li>Thank You (York Sommer)<\/li>\n<li>Open the Eyes of my Heart (Paul Baloche, Arr.: Bernhard Gr\u00f6ne)<\/li>\n<\/ul>\n<p><strong>Musiker<\/strong>: Anette Olsson (Klavier), Torsten Bachmann (Schlagzeug, Technik), Werner Gabrisch (Bass), Bernhard Gr\u00f6ne (Leitung, akust. Gitarre)<\/p>\n<p><strong>Solisten<\/strong>: Krisztina V\u00f6r\u00f6s, Agnes Gro\u00df-B\u00f6lting, Felicitas Fischer von Weikersthal, Bernhard Gr\u00f6ne<\/p>\n<h3 id=\"A20150502\">02. Mai 2015 Hochzeit<\/h3>\n<p>Um 14:30 Uhr in der evangelischen Kirche in Walldorf<\/p>\n<p><strong>Songs:<\/strong><\/p>\n<ul>\n<li>Herr, ich komme zu Dir (Albert Frey, Arr.: Annette Hauser)<\/li>\n<li><a href=\"https:\/\/youtu.be\/0ggMbvgw9c0\">River<\/a> (Emeli Sand\u00e9)<\/li>\n<li><a href=\"https:\/\/youtu.be\/SxsKcyk7t9Q\">I will follow him<\/a> (M: Franck Pourcel,Paul Mauriat, T: Jacques Plante, Arr.: Bernhard Gr\u00f6ne)<\/li>\n<li>Hallelujah (Leonhard Cohen, Arr.: Bernhard Gr\u00f6ne)<\/li>\n<\/ul>\n<p><strong>Musiker<\/strong>: Anette Olsson (Klavier), Torsten Bachmann (Schlagzeug, Technik), Werner Gabrisch (Bass), Bernhard Gr\u00f6ne (Leitung, akust. Gitarre)<\/p>\n<p><strong>Solisten<\/strong>: Sadya Barletta, Bernhard Gr\u00f6ne<\/p>\n<h3 id=\"A20150426\">26. April 2015 Konfirmationsgottesdienst<\/h3>\n<p>Um 10:00 Uhr in der evangelischen Kirche in Walldorf<\/p>\n<p><strong>Songs:<\/strong><\/p>\n<ul>\n<li><a href=\"https:\/\/youtu.be\/rTCPVj4lfbc\">Herr, erbarme Dich unser<\/a> (Bernhard Gr\u00f6ne)<\/li>\n<li><a href=\"https:\/\/youtu.be\/qrCjphqvwOQ\">I surrender All<\/a> (trad., Arr.: Tore W. Aas \/ Bernhard Gr\u00f6ne)<\/li>\n<li>Total Praise (Richard Smallwood)<\/li>\n<li>Thank You (York Sommer)<\/li>\n<li>Jesus be a fence (trad., Arr.: Fred Hammond \/ Bernhard Gr\u00f6ne)<\/li>\n<\/ul>\n<p><strong>Musiker<\/strong>: Anette Olsson (Klavier), Torsten Bachmann (Schlagzeug, Technik), Werner Gabrisch (Bass), Bernhard Gr\u00f6ne (Leitung, akust. Gitarre)<\/p>\n<p><strong>Solisten<\/strong>: Sadya Barletta, Mairead Wolf, Susanne Schott, Annika von Redwitz, Bettina Reinhard, Bernhard Gr\u00f6ne<\/p>\n<h3 id=\"A20150131\">31. Januar 2015 Musikalisches Abendgebet<\/h3>\n<p>Um 18:30 Uhr in der katholischen Kirche in Walldorf<\/p>\n<p><strong>Songs:<\/strong><\/p>\n<ul>\n<li>Amazing Grace (trad.)<\/li>\n<li>God will make a way (Don Moen, Arr.: Tore W. Aas)<\/li>\n<li>Total Praise (Richard Smallwood)<\/li>\n<li>Herr, ich komme zu Dir (Albert Frey, Arr.: Annette Hauser)<\/li>\n<li>Draw me close to You (Kelly Carpenter, Arr.: Tore W. Aas)<\/li>\n<li>Oh Happy Day (Edwin Hawkins)<\/li>\n<li>Thank You (York Sommer)<\/li>\n<\/ul>\n<p><strong>Musiker<\/strong>: Torsten Bachmann (Schlagzeug, Technik), Werner Gabrisch (Bass), Bernhard Gr\u00f6ne (Leitung, akust. Gitarre)<\/p>\n<p><strong>Solisten<\/strong>: Susanne Schott, Annika von Redwitz, Bernhard Gr\u00f6ne<\/p>\n","protected":false},"excerpt":{"rendered":"<p>26. Dezember 2015 Gottesdienst zum 2. Weihnachtsfeiertag Um 18:00 Uhr in der evangelischen Kirche in Walldorf Songs: Stern \u00fcber Bethlehem (Alfred Hans Zoller \/ Arr.: Bernhard Gr\u00f6ne) Calypso Gloria (trad.) Hallelujah (Leonhard Cohen, Arr.: Bernhard Gr\u00f6ne) Oh Happy Day (Edwin Hawkins) Winter Wonderland (M: Felix Bernard, T: Dick Smith \/ Arr.: Bernhard Gr\u00f6ne) Jesus, Oh &hellip; <a href=\"https:\/\/www.walldorf-gospel-singers.de\/index.php\/auftritte\/auftritte-2015\/\" class=\"more-link\"><span class=\"screen-reader-text\">Auftritte 2015<\/span> weiterlesen <span class=\"meta-nav\">&rarr;<\/span><\/a><\/p>\n","protected":false},"author":3,"featured_media":0,"parent":9,"menu_order":18,"comment_status":"closed","ping_status":"closed","template":"","meta":{"footnotes":""},"class_list":["post-327","page","type-page","status-publish","hentry"],"_links":{"self":[{"href":"https:\/\/www.walldorf-gospel-singers.de\/index.php\/wp-json\/wp\/v2\/pages\/327","targetHints":{"allow":["GET"]}}],"collection":[{"href":"https:\/\/www.walldorf-gospel-singers.de\/index.php\/wp-json\/wp\/v2\/pages"}],"about":[{"href":"https:\/\/www.walldorf-gospel-singers.de\/index.php\/wp-json\/wp\/v2\/types\/page"}],"author":[{"embeddable":true,"href":"https:\/\/www.walldorf-gospel-singers.de\/index.php\/wp-json\/wp\/v2\/users\/3"}],"replies":[{"embeddable":true,"href":"https:\/\/www.walldorf-gospel-singers.de\/index.php\/wp-json\/wp\/v2\/comments?post=327"}],"version-history":[{"count":31,"href":"https:\/\/www.walldorf-gospel-singers.de\/index.php\/wp-json\/wp\/v2\/pages\/327\/revisions"}],"predecessor-version":[{"id":469,"href":"https:\/\/www.walldorf-gospel-singers.de\/index.php\/wp-json\/wp\/v2\/pages\/327\/revisions\/469"}],"up":[{"embeddable":true,"href":"https:\/\/www.walldorf-gospel-singers.de\/index.php\/wp-json\/wp\/v2\/pages\/9"}],"wp:attachment":[{"href":"https:\/\/www.walldorf-gospel-singers.de\/index.php\/wp-json\/wp\/v2\/media?parent=327"}],"curies":[{"name":"wp","href":"https:\/\/api.w.org\/{rel}","templated":true}]}}