{"id":467,"date":"2016-01-01T22:37:38","date_gmt":"2016-01-01T21:37:38","guid":{"rendered":"http:\/\/www.walldorf-gospel-singers.de\/?page_id=467"},"modified":"2017-01-12T23:23:41","modified_gmt":"2017-01-12T22:23:41","slug":"auftritte-2016","status":"publish","type":"page","link":"https:\/\/www.walldorf-gospel-singers.de\/index.php\/auftritte\/auftritte-2016\/","title":{"rendered":"Auftritte 2016"},"content":{"rendered":"<h3 id=\"A20161226\">26. Dezember 2016 Weihnachtsgottesdienst<\/h3>\n<p>Um 10:00 in der evangelischen Kirche Walldorf<\/p>\n<p><strong>Songs<\/strong><\/p>\n<ul>\n<li>Stern \u00fcber Bethlehem (Alfred Hans Zoller \/ Arr.: Bernhard Gr\u00f6ne)<\/li>\n<li>Calypso Gloria (trad.)<\/li>\n<li>Jesus, Oh what a wonderful child (trad., Arr.: Bernhard Gr\u00f6ne)<\/li>\n<li>Stille Nacht (M: Franz Xaver Gruber, T: Joseph Mohr)<\/li>\n<li>Mary\u2019s Boy Child (Jester Hairston \/ Arr.: Bernhard Gr\u00f6ne)<\/li>\n<\/ul>\n<p><strong>Musiker<\/strong>: Werner Gabrisch (Bass), Felicitas Fischer von Weikersthal (Querfl\u00f6te), Bernhard Gr\u00f6ne (Leitung, akust. Gitarre)<\/p>\n<p><strong>Solisten<\/strong>: Stefan Resag, Susanne Schott<\/p>\n<p><strong>Technik<\/strong>: Kilian Speder<\/p>\n<h3 id=\"A20161217\">17. Dezember 2016 Weihnachtsfeier des Pflegezentrums Astorstift<\/h3>\n<p>Um 16:00 im Astorstift Walldorf<\/p>\n<p><strong>Songs<\/strong><\/p>\n<ul>\n<li>Alle Jahre wieder<\/li>\n<li>Es ist f\u00fcr uns eine Zeit angekommen<\/li>\n<li>Leise rieselt der Schnee<\/li>\n<li>O du fr\u00f6hliche<\/li>\n<li>H\u00f6rt der Engel helle Lieder (Gloria)<\/li>\n<li>Jesus, Oh what a wonderful child (trad., Arr.: Bernhard Gr\u00f6ne)<\/li>\n<li>Go, tell it on the mountain (trad. \/ Arr.: Bernhard Gr\u00f6ne)<\/li>\n<li>Calypso Gloria (trad.)<\/li>\n<li>Winter Wonderland (M: Felix Bernard, T: Dick Smith \/ Arr.: Bernhard Gr\u00f6ne)<\/li>\n<li>Child in the Manger (trad. (Schottland) \/ Arr.: Bernhard Gr\u00f6ne)<\/li>\n<li>Santa Claus is coming to town (M: John Frederick Coots, T: Haven Gillespie)<\/li>\n<li>Mary\u2019s Boy Child (Jester Hairston \/ Arr.: Bernhard Gr\u00f6ne)<\/li>\n<li>Stern \u00fcber Bethlehem (Alfred Hans Zoller \/ Arr.: Bernhard Gr\u00f6ne)<\/li>\n<li>Stille Nacht (M: Franz Xaver Gruber, T: Joseph Mohr)<\/li>\n<li>Hallelujah (Leonhard Cohen, Arr.: Bernhard Gr\u00f6ne)<\/li>\n<\/ul>\n<p><strong>Musiker<\/strong>: Anette Olsson (Klavier), Werner Gabrisch (Bass, Querfl\u00f6te), Torsten Bachmann (Schlagzeug), Felicitas Fischer von Weikersthal (Querfl\u00f6te), Bernhard Gr\u00f6ne (Leitung, akust. Gitarre)<\/p>\n<p><strong>Solisten<\/strong>: Krisztina V\u00f6r\u00f6s, Stefan Resag, Susanne Schott, Bernhard Gr\u00f6ne<\/p>\n<p><strong>Technik<\/strong>: Torsten Bachmann<\/p>\n<h3 id=\"A20161126\">26. November 2016 Weihnachtsmarkt Walldorf<\/h3>\n<p>Um 18:30 im Pavillon Marktplatz Hauptstra\u00dfe Walldorf<\/p>\n<p><strong>Songs<\/strong><\/p>\n<ul>\n<li>Jesus, Oh what a wonderful child (trad., Arr.: Bernhard Gr\u00f6ne)<\/li>\n<li>Jesus I love calling Your name (Shirley Caesar)<\/li>\n<li>Go, tell it on the mountain (trad. \/ Arr.: Bernhard Gr\u00f6ne)<\/li>\n<li>Calypso Gloria (trad.)<\/li>\n<li>Winter Wonderland (M: Felix Bernard, T: Dick Smith \/ Arr.: Bernhard Gr\u00f6ne)<\/li>\n<li>Child in the Manger (trad. (Schottland) \/ Arr.: Bernhard Gr\u00f6ne)<\/li>\n<li>Santa Claus is coming to town (M: John Frederick Coots, T: Haven Gillespie)<\/li>\n<li>Mary\u2019s Boy Child (Jester Hairston \/ Arr.: Bernhard Gr\u00f6ne)<\/li>\n<li>Oh Happy Day (Edwin Hawkins)<\/li>\n<li>In Christ Alone (Keith Getty, Stuart Townend \/ Arr.: Bernhard Gr\u00f6ne)<\/li>\n<li>Stern \u00fcber Bethlehem (Alfred Hans Zoller \/ Arr.: Bernhard Gr\u00f6ne)<\/li>\n<li>People Get Ready (Curtis Mayfield \/ Arr.: Bernhard Gr\u00f6ne)<\/li>\n<li>Silent Night \/ Stille Nacht (M: Franz Xaver Gruber, T: Joseph Mohr)<\/li>\n<li>Amazing Grace (trad.)<\/li>\n<li>Hallelujah (Leonhard Cohen, Arr.: Bernhard Gr\u00f6ne)<\/li>\n<li>Jesus, Oh what a wonderful child (trad., Arr.: Bernhard Gr\u00f6ne)<\/li>\n<\/ul>\n<p><strong>Musiker<\/strong>: Anette Olsson (Klavier), Werner Gabrisch (Bass, Querfl\u00f6te), Torsten Bachmann (Schlagzeug), Felicitas Fischer von Weikersthal (Querfl\u00f6te), Stefan Resag (E-Gitarre), Bernhard Gr\u00f6ne (Leitung, akust. Gitarre)<\/p>\n<p><strong>Solisten<\/strong>: Agnes Gro\u00df-B\u00f6lting, Anke Bastisch, Krisztina V\u00f6r\u00f6s, Mairead Wolf, Stefan Resag, Bernhard Gr\u00f6ne<\/p>\n<p><strong>Technik<\/strong>: Torsten Bachmann, Kilian Speder<\/p>\n<h3 id=\"A20161022\">22. Oktober 2016 Musikalisches Abendgebet<\/h3>\n<p>Um 18:30 in der katholischen Kirche St. Peter Walldorf<\/p>\n<p><strong>Songs<\/strong><\/p>\n<ul>\n<li>Great is Your Mercy (Don Moen, Donnie McClurkin, Arr.: Bernhard Gr\u00f6ne)<\/li>\n<li>Draw me close to You (Don Moen, Arr.: Tore W. Aas \/ Bernhard Gr\u00f6ne)<\/li>\n<li>Herr, ich komme zu Dir (Albert Frey, Arr.: Annette Hauser)<\/li>\n<li>Jesus, I love calling Your name (Shirley Caesar)<\/li>\n<li>Nothing Else Matters (James Hetfield, Lars Ulrich, Arr.: Bernhard Gr\u00f6ne)<\/li>\n<\/ul>\n<p><strong>Musiker<\/strong>: Anette Olsson (Klavier), Werner Gabrisch (Bass), Luca Breunig (E-Gitarre), Bernhard Gr\u00f6ne (Leitung, akust. Gitarre)<\/p>\n<p><strong>Solisten<\/strong>: Agnes Gro\u00df-B\u00f6lting, Anke Bastisch, Susanne Schott, Bernhard Gr\u00f6ne<\/p>\n<p><strong>Technik<\/strong>: Torsten Bachmann<\/p>\n<h3 id=\"A20161002\">2. Oktober 2016 Gottesdienst zur interkulturellen Woche<\/h3>\n<p>Um 10:00 in der evangelischen Kirche St. Peter Walldorf<\/p>\n<p><strong>Songs<\/strong><\/p>\n<ul>\n<li>Masithi Amen (Stephen C. Molefe)<\/li>\n<li>Open the Eyes of my Heart (Paul Baloche, Arr.: Bernhard Gr\u00f6ne)<\/li>\n<li>Sing a New Song (Udo + Silke Zimmermann, Arr.: Bernhard Gr\u00f6ne)<\/li>\n<li>Thank You (York Sommer)<\/li>\n<li>We Believe (Lothar Kosse)<\/li>\n<li>Siyahamba (Trad., Arr.: Doreen Rao)<\/li>\n<\/ul>\n<p><strong>Musiker<\/strong>: Torsten Bachmann (Schlagzeug), Stefan Resag (E-Gitarre), Bernhard Gr\u00f6ne (Leitung, akust. Gitarre)<\/p>\n<p><strong>Solisten<\/strong>: Annika von Redwitz, Stefan Resag, Susanne Schott, Bernhard Gr\u00f6ne<\/p>\n<p><strong>Technik<\/strong>: Torsten Bachmann, Kilian Speder<\/p>\n<h3 id=\"A20160918\">18. September 2016 Gemeindefest Bazar<\/h3>\n<p>Um 14:00 im evangelischen Gemeindehaus Walldorf<\/p>\n<p><strong>Songs<\/strong><\/p>\n<ul>\n<li>Masithi Amen (Stephen C. Molefe)<\/li>\n<li>Down in the River to Pray (trad., Arr.: Bernhard Gr\u00f6ne)<\/li>\n<li>Highway to Heaven (trad.)<\/li>\n<li>Carriers of the Light (Jerry Estes)<\/li>\n<li>Thank You (York Sommer)<\/li>\n<li>People Get Ready (Curtis Mayfield, Arr.: Bernhard Gr\u00f6ne)<\/li>\n<li>This Little Light of Mine (Harry Dixon Loes, Arr.: Bernhard Gr\u00f6ne)<\/li>\n<li>Amazing Grace (trad.)<\/li>\n<li>We Believe (Lothar Kosse)<\/li>\n<li>The Rose (Amanda McBroom, Arr.: Bernhard Gr\u00f6ne)<\/li>\n<li>Open the Eyes of my Heart (Paul Baloche, Arr.: Bernhard Gr\u00f6ne)<\/li>\n<li>Siyahamba (Trad., Arr.: Doreen Rao)<\/li>\n<\/ul>\n<p><strong>Musiker<\/strong>: Anette Olsson (Klavier), Werner Gabrisch (Bass), Stefan Resag (E-Gitarre), Bernhard Gr\u00f6ne (Leitung, akust. Gitarre)<\/p>\n<p><strong>Solisten<\/strong>: Anke Bastisch, Annika von Redwitz, Mairead Wolf, Stefan Resag, Susanne Schott, Bernhard Gr\u00f6ne<\/p>\n<p><strong>Technik<\/strong>: Kilian Speder<\/p>\n<h3 id=\"A20160626\">26. Juni 2016 Konzert mit dem Kinderchor der Schillerschule Walldorf zum Patrozinium<\/h3>\n<p>Um 16:00 in der katholischen Kirche St. Peter Walldorf<\/p>\n<p><strong>Songs<\/strong><\/p>\n<ul>\n<li>Masithi Amen (Stephen C. Molefe)<\/li>\n<li>Soon and Very Soon (Andra\u00e9 Crouch, Arr.: Bernhard Gr\u00f6ne)<\/li>\n<li>Da ber\u00fchren sich Himmel und Erde (T: Thomas Laubach, M: Christoph Lehmann, Arr.: Bernhard Gr\u00f6ne)<\/li>\n<li>Calypso Gloria (trad., Arr.: Emily Crocker)<\/li>\n<li>Hallelujah (Leonhard Cohen, Arr.: Bernhard Gr\u00f6ne)<\/li>\n<li>Clap Your Hands and Sing Hallelujah (Don Besig, Nancy Price)<\/li>\n<li>Oh Happy Day (Edwin Hawkins)<\/li>\n<li>This Little Light of Mine (Harry Dixon Loes, Arr.: Bernhard Gr\u00f6ne)<\/li>\n<li>Open the Eyes of my Heart (Paul Baloche, Arr.: Bernhard Gr\u00f6ne)<\/li>\n<li>Siyahamba (Trad., Arr.: Doreen Rao)<\/li>\n<\/ul>\n<p><strong>Musiker<\/strong>: Christine Meier (Leitung Kinderchor), Anette Olsson (Klavier), Werner Gabrisch (Bass), Torsten Bachmann (Schlagzeug, Technik), Bernhard Gr\u00f6ne (Leitung, akust. Gitarre)<\/p>\n<p><strong>Solisten<\/strong>: Agnes Gro\u00df-B\u00f6lting, Anna-Maria Sachs, Stefan Resag, Bernhard Gr\u00f6ne<\/p>\n<p><strong>Technik<\/strong>: Torsten Bachmann, Kilian Speder<\/p>\n<h3 id=\"A20160618\">18. Juni 2016 Musikalische Sommernacht<\/h3>\n<p>Um 22:00 in der evangelischen Kirche Walldorf<\/p>\n<p><strong>Songs<\/strong><\/p>\n<ul>\n<li>Down in the River to Pray (trad., Arr.: Bernhard Gr\u00f6ne)<\/li>\n<li>Carriers of the Light (Jerry Estes)<\/li>\n<li>Hallelujah (Leonhard Cohen, Arr.: Bernhard Gr\u00f6ne)<\/li>\n<li>Thank You (York Sommer)<\/li>\n<li>In Christ Alone (M: Keith Getty, T: Stuart Townend, Arr.: Bernhard Gr\u00f6ne)<\/li>\n<li>Soon and Very Soon (Andra\u00e9 Crouch, Arr.: Bernhard Gr\u00f6ne)<\/li>\n<li>Oh Happy Day (Edwin Hawkins)<\/li>\n<li>Siyahamba (Trad., Arr.: Doreen Rao)<\/li>\n<\/ul>\n<p><strong>Musiker<\/strong>: Anette Olsson (Klavier), Torsten Bachmann (Schlagzeug, Technik), Felicitas Fischer von Weikersthal (Querfl\u00f6te), Bernhard Gr\u00f6ne (Leitung, akust. Gitarre)<\/p>\n<p><strong>Solisten<\/strong>: Agnes Gro\u00df-B\u00f6lting, Anna-Maria Sachs, Felicitas Fischer von Weikersthal, Mairead Wolf, Bernhard Gr\u00f6ne<\/p>\n<h3 id=\"A20160611\">11. Juni 2016 Taufe am See<\/h3>\n<p>Um 10:00 Uhr am <a href=\"https:\/\/www.google.com\/maps\/place\/49%C2%B016%2751.8%22N+8%C2%B035%2731.8%22E\/@49.2810625,8.592178,15z\/data=%213m1%214b1%214m2%213m1%211s0x0:0x0\">Badesee St. Leon, Eingang 2<\/a><\/p>\n<p><strong>Songs<\/strong><\/p>\n<ul>\n<li>Herr, ich komme zu Dir (Albert Frey, Arr.: Annette Hauser)<\/li>\n<li>Da ber\u00fchren sich Himmel und Erde (T: Thomas Laubach, M: Christoph Lehmann, Arr.: Bernhard Gr\u00f6ne)<\/li>\n<li>Down in the River to Pray (trad., Arr.: Bernhard Gr\u00f6ne)<\/li>\n<li>Draw me close to You (Don Moen, Arr.: Tore W. Aas \/ Bernhard Gr\u00f6ne)<\/li>\n<li>In Christ Alone (M: Keith Getty, T: Stuart Townend, Arr.: Bernhard Gr\u00f6ne)<\/li>\n<li>Great is Your Mercy (Don Moen, Donnie McClurkin, Arr.: Bernhard Gr\u00f6ne)<\/li>\n<li>Total Praise (Richard Smallwood)<\/li>\n<li>Jesus I love Calling Your Name (Shirley Caesar)<\/li>\n<li>We Believe (Lothar Kosse)<\/li>\n<li>EG 334 Danke (Martin Gotthard Schneider, Arr. Bernhard Gr\u00f6ne)<\/li>\n<li>Gro\u00df ist unser Gott &#8211; Herr der Ewigkeit (Lothar Kosse, Arr.: Bernhard Gr\u00f6ne)<\/li>\n<li>Herr, wir bitten, komm und segne uns (Peter Strauch, Arr.: Bernhard Gr\u00f6ne)<\/li>\n<li>Soon and Very Soon (Andra\u00e9 Crouch, Arr.: Bernhard Gr\u00f6ne)<\/li>\n<li>Hallelujah (Leonhard Cohen, Arr.: Bernhard Gr\u00f6ne)<\/li>\n<\/ul>\n<p><strong>Musiker<\/strong>: Anette Olsson (Klavier), Werner Gabrisch (Bass), Torsten Bachmann (Schlagzeug, Technik), Stefan Resag (E-Gitarre), Felicitas Fischer von Weikersthal (Querfl\u00f6te), Bernhard Gr\u00f6ne (Leitung, akust. Gitarre)<\/p>\n<p><strong>Solisten<\/strong>: Anke Bastisch, Anna-Maria Sachs, Felicitas Fischer von Weikersthal, Stefan Resag, Susanne Schott, Bernhard Gr\u00f6ne<\/p>\n<h3 id=\"A20160508\">8. Mai 2016 Konfirmationsgottesdienst<\/h3>\n<p>Um 10:00 in der evangelischen Kirche Walldorf<\/p>\n<p><strong>Songs<\/strong><\/p>\n<ul>\n<li>Herr, erbarme Dich unser (Bernhard Gr\u00f6ne)<\/li>\n<li>We Believe (Lothar Kosse)<\/li>\n<li>Herr, wir bitten komm und segne uns (Peter Strauch, Arr.: Bernhard Gr\u00f6ne)<\/li>\n<li>Jesus, I love calling Your name (Shirley Caesar)<\/li>\n<\/ul>\n<p><strong>Musiker<\/strong>: Anette Olsson (Klavier), Werner Gabrisch (Bass), Torsten Bachmann (Schlagzeug, Technik), Stefan Resag (E-Gitarre), Bernhard Gr\u00f6ne (Leitung, akust. Gitarre)<\/p>\n<p><strong>Solisten<\/strong>: Anke Bastisch, Mairead Wolf, Stefan Resag, Susanne Schott, Bernhard Gr\u00f6ne<\/p>\n<h3 id=\"A20160410\">10. April 2016 Familiengottesdienst<\/h3>\n<p>Um 10:30 in der katholischen Kirche St. Peter Walldorf<\/p>\n<p><strong>Songs<\/strong><\/p>\n<ul>\n<li>Soon and Very Soon (Andra\u00e9 Crouch, Arr.: Bernhard Gr\u00f6ne)<\/li>\n<li>Gro\u00df ist unser Gott (Lothar Kosse, Arr.: Bernhard Gr\u00f6ne)<\/li>\n<li>Gib die Hoffnung niemals auf (Ralph + Hans-Josef Loevenich)<\/li>\n<li>Herr, ich komme zu Dir (Albert Frey, Arr.: Annette Hauser)<\/li>\n<li>Open the Eyes of my Heart (Paul Baloche, Arr.: Bernhard Gr\u00f6ne)<\/li>\n<li>Da ber\u00fchren sich Himmel und Erde (T: Thomas Laubach, M: Christoph Lehmann, Arr.: Bernhard Gr\u00f6ne)<\/li>\n<li>Jesus, I love calling Your name (Shirley Caesar)<\/li>\n<li>Great is Your Mercy (Don Moen, Donnie McClurkin, Arr.: Bernhard Gr\u00f6ne)<\/li>\n<li>We Believe (Lothar Kosse)<\/li>\n<\/ul>\n<p><strong>Musiker<\/strong>: Anette Olsson (Klavier), Torsten Bachmann (Schlagzeug, Technik), Stefan Resag (E-Gitarre), Bernhard Gr\u00f6ne (Leitung, akust. Gitarre)<\/p>\n<p><strong>Solisten<\/strong>: Anke Bastisch, Anna-Maria Sachs, Mairead Wolf, Stefan Resag, Susanne Schott, Bernhard Gr\u00f6ne<\/p>\n<h3 id=\"A20160328\">28. M\u00e4rz 2016 Ostermontagsgottesdienst<\/h3>\n<p>Um 10:00 in der evangelischen Kirche Walldorf<\/p>\n<p><strong>Songs<\/strong><\/p>\n<ul>\n<li>Hallelujah (Leonhard Cohen, Arr.: Bernhard Gr\u00f6ne)<\/li>\n<li>Da ber\u00fchren sich Himmel und Erde (T: Thomas Laubach, M: Christoph Lehmann, Arr.: Bernhard Gr\u00f6ne)<\/li>\n<li>Soon and Very Soon (Andra\u00e9 Crouch, Arr.: Bernhard Gr\u00f6ne)<\/li>\n<\/ul>\n<p><strong>Musiker<\/strong>: Bernhard Gr\u00f6ne (Leitung, akust. Gitarre)<\/p>\n<p><strong>Solisten<\/strong>: Anna-Maria Sachs, Bernhard Gr\u00f6ne<\/p>\n<h3 id=\"A20160312\">12. M\u00e4rz 2016 Konzert<\/h3>\n<p>Um 19:00 in der katholischen Kirche <a href=\"https:\/\/goo.gl\/maps\/f4YMBLPdq3F2\">St. Martin in Ludwigshafen-Oppau<\/a><\/p>\n<p><a href=\"http:\/\/www.walldorf-gospel-singers.de\/wgs-content\/uploads\/Plakat-2016-03-12-Scribus-klein.jpg\" rel=\"attachment wp-att-493\"><img loading=\"lazy\" decoding=\"async\" class=\"size-medium wp-image-493 aligncenter\" src=\"http:\/\/www.walldorf-gospel-singers.de\/wgs-content\/uploads\/Plakat-2016-03-12-Scribus-klein-214x300.jpg\" alt=\"Plakat Konzert am 12.3.2016 um 19 Uhr in LU-Oppau\" width=\"214\" height=\"300\" srcset=\"https:\/\/www.walldorf-gospel-singers.de\/wgs-content\/uploads\/Plakat-2016-03-12-Scribus-klein-214x300.jpg 214w, https:\/\/www.walldorf-gospel-singers.de\/wgs-content\/uploads\/Plakat-2016-03-12-Scribus-klein-107x150.jpg 107w, https:\/\/www.walldorf-gospel-singers.de\/wgs-content\/uploads\/Plakat-2016-03-12-Scribus-klein.jpg 716w\" sizes=\"auto, (max-width: 214px) 100vw, 214px\" \/><\/a><\/p>\n<p><strong>Songs<\/strong><\/p>\n<ul>\n<li>One more time (Rev. James Moore)<\/li>\n<li>Sing a New Song (Udo + Silke Zimmermann, Arr.: Bernhard Gr\u00f6ne)<\/li>\n<li>Herr, ich komme zu Dir (Albert Frey, Arr.: Annette Hauser)<\/li>\n<li><a href=\"https:\/\/youtu.be\/bJnvKk9NEjA\">Soon and Very Soon<\/a> (Andra\u00e9 Crouch, Arr.: Bernhard Gr\u00f6ne)<\/li>\n<li>In Christ Alone (Keith Getty, Stuart Townend, Arr.: Bernhard Gr\u00f6ne)<\/li>\n<li>Gro\u00df ist unser Gott (Lothar Kosse, Arr.: Bernhard Gr\u00f6ne)<\/li>\n<li>I will follow him (M: Franck Pourcel,Paul Mauriat, T: Jacques Plante, Arr.: Bernhard Gr\u00f6ne)<\/li>\n<li>Great is Your Mercy (Don Moen, Donnie McClurkin, Arr.: Bernhard Gr\u00f6ne)<\/li>\n<li>Calypso Gloria (trad., Arr.: Emily Crocker)<\/li>\n<li>We Believe (Lothar Kosse)<\/li>\n<li>Oh Happy Day (Edwin Hawkins)<\/li>\n<li>At the Table (Richard Smallwood)<\/li>\n<li>Open the Eyes of my Heart (Paul Baloche, Arr.: Bernhard Gr\u00f6ne)<\/li>\n<li>Da ber\u00fchren sich Himmel und Erde (T: Thomas Laubach, M: Christoph Lehmann, Arr.: Bernhard Gr\u00f6ne)<\/li>\n<li>Hallelujah (Leonhard Cohen, Arr.: Bernhard Gr\u00f6ne)<\/li>\n<li>One more time (Rev. James Moore)<\/li>\n<\/ul>\n<p><strong>Musiker<\/strong>: Anette Olsson (Klavier), Torsten Bachmann (Schlagzeug, Technik), Werner Gabrisch (Bass), Felicitas Fischer von Weikersthal (Querfl\u00f6te), Bernhard Gr\u00f6ne (Leitung, akust. Gitarre)<\/p>\n<p><strong>Solisten<\/strong>: Agnes Gro\u00df-B\u00f6lting, Bettina Reinhard, Krisztina V\u00f6r\u00f6s, Sadya Barletta, Susanne Schott, Bernhard Gr\u00f6ne<\/p>\n<h3 id=\"A20160308\">8. M\u00e4rz 2016 Trauerfeier f\u00fcr Stefan Dahm<\/h3>\n<p>Um 15:00 auf dem Friedhof Walldorf<\/p>\n<p><strong>Songs<\/strong><\/p>\n<ul>\n<li>God will make a way (Don Moen)<\/li>\n<li>Thank You (York Sommer)<\/li>\n<li>We Believe (Lothar Kosse)<\/li>\n<\/ul>\n<p><strong>Musiker<\/strong>: Torsten Bachmann (Cajon, Technik), Bernhard Gr\u00f6ne (Leitung, akust. Gitarre)<\/p>\n<p><strong>Solisten<\/strong>: Felicitas Fischer von Weikersthal, Susanne Schott, Stefan Resag, Bernhard Gr\u00f6ne<\/p>\n<h3 id=\"A20160213\">13. Februar 2016 Benefizkonzert<\/h3>\n<p>Um 19:30 in der evangelischen Kirche Walldorf<\/p>\n<figure id=\"attachment_463\" aria-describedby=\"caption-attachment-463\" style=\"width: 211px\" class=\"wp-caption aligncenter\"><a href=\"http:\/\/www.walldorf-gospel-singers.de\/wgs-content\/uploads\/Benefiz_Hospizdienst_Plakat.jpg\" rel=\"attachment wp-att-463\"><img loading=\"lazy\" decoding=\"async\" class=\"wp-image-463 size-medium\" src=\"http:\/\/www.walldorf-gospel-singers.de\/wgs-content\/uploads\/Benefiz_Hospizdienst_Plakat-211x300.jpg\" alt=\"Plakat Benefizkonzert 13.2.2016\" width=\"211\" height=\"300\" srcset=\"https:\/\/www.walldorf-gospel-singers.de\/wgs-content\/uploads\/Benefiz_Hospizdienst_Plakat-211x300.jpg 211w, https:\/\/www.walldorf-gospel-singers.de\/wgs-content\/uploads\/Benefiz_Hospizdienst_Plakat-105x150.jpg 105w, https:\/\/www.walldorf-gospel-singers.de\/wgs-content\/uploads\/Benefiz_Hospizdienst_Plakat.jpg 643w\" sizes=\"auto, (max-width: 211px) 100vw, 211px\" \/><\/a><figcaption id=\"caption-attachment-463\" class=\"wp-caption-text\">Plakat gestaltet von Bettina Reinhard<\/figcaption><\/figure>\n<p><strong><a href=\"https:\/\/www.youtube.com\/watch?v=-6shyOOrSGo&amp;list=PLmlAJkxxtPG81FEx3YXpUUTtjmE2IS3ra\">Songs<\/a>:<\/strong><\/p>\n<ul>\n<li><a href=\"https:\/\/youtu.be\/-6shyOOrSGo\">Amazing Grace<\/a> (trad.)<\/li>\n<li><a href=\"https:\/\/youtu.be\/Ga7nrud1R4Q\">Carriers of the Light<\/a> (Jerry Estes)<\/li>\n<li><a href=\"https:\/\/youtu.be\/MQDvsF2Kf5w\">Total Praise<\/a> (Richard Smallwood)<\/li>\n<li><a href=\"https:\/\/youtu.be\/lNgnwO7ol7w\">Thank You<\/a> (York Sommer)<\/li>\n<li><a href=\"https:\/\/youtu.be\/6FwqlOClfFs\">I Surrender All<\/a> (trad., Arr.: Tore W. Aas \/ Bernhard Gr\u00f6ne)<\/li>\n<li><a href=\"https:\/\/youtu.be\/VzHeY0zypzM\">Oh Happy Day<\/a> (Edwin Hawkins)<\/li>\n<li><a href=\"https:\/\/youtu.be\/8oe1ZtdZ6c0\">Draw me\u00a0 Close to You<\/a>\u00a0 (Don Moen, Arr.: Tore W. Aas)<\/li>\n<li><a href=\"https:\/\/youtu.be\/JP7WeaE5afY\">At the Table<\/a> (Richard Smallwood)<\/li>\n<li><a href=\"https:\/\/youtu.be\/hOs3QXBVh60\">We Believe<\/a> (Lothar Kosse)<\/li>\n<li><a href=\"https:\/\/youtu.be\/miE5Z5ntX8o\">Sing a New Song<\/a> (Udo + Silke Zimmermann, Arr.: Bernhard Gr\u00f6ne)<\/li>\n<li><a href=\"https:\/\/youtu.be\/agyfYJMaHvU\">In Christ Alone<\/a> (Keith Getty, Stuart Townend \/ Arr.: Bernhard Gr\u00f6ne)<\/li>\n<li><a href=\"https:\/\/youtu.be\/cxz5Ez5Y03k\">Open the Eyes of my Heart<\/a> (Paul Baloche, Arr.: Bernhard Gr\u00f6ne)<\/li>\n<li><a href=\"https:\/\/youtu.be\/iJ06gJlzsFo\">Da ber\u00fchren sich Himmel und Erde<\/a> (T: Thomas Laubach, M: Christoph Lehmann, Arr.: Bernhard Gr\u00f6ne)<\/li>\n<li><a href=\"https:\/\/youtu.be\/CffSYkWuiVM\">Hallelujah<\/a> (Leonhard Cohen, Arr.: Bernhard Gr\u00f6ne)<\/li>\n<\/ul>\n<p><strong>Musiker<\/strong>: Anette Olsson (Klavier), Torsten Bachmann (Schlagzeug, Technik), Werner Gabrisch (Bass), Felicitas Fischer von Weikersthal (Querfl\u00f6te), Stefan Resag (E-Gitarre), Bernhard Gr\u00f6ne (Leitung, akust. Gitarre)<\/p>\n<p><strong>Solisten<\/strong>: Agnes Gro\u00df-B\u00f6lting, Annika von Redwitz, Bettina Reinhard, Felicitas Fischer von Weikersthal, Mairead Wolf, Susanne Schott, Stefan Resag, Bernhard Gr\u00f6ne<\/p>\n<p><iframe loading=\"lazy\" src=\"\/\/www.youtube.com\/embed\/videoseries?list=PLmlAJkxxtPG81FEx3YXpUUTtjmE2IS3ra\" width=\"640\" height=\"360\" frameborder=\"0\" allowfullscreen=\"allowfullscreen\"><\/iframe><\/p>\n","protected":false},"excerpt":{"rendered":"<p>26. Dezember 2016 Weihnachtsgottesdienst Um 10:00 in der evangelischen Kirche Walldorf Songs Stern \u00fcber Bethlehem (Alfred Hans Zoller \/ Arr.: Bernhard Gr\u00f6ne) Calypso Gloria (trad.) Jesus, Oh what a wonderful child (trad., Arr.: Bernhard Gr\u00f6ne) Stille Nacht (M: Franz Xaver Gruber, T: Joseph Mohr) Mary\u2019s Boy Child (Jester Hairston \/ Arr.: Bernhard Gr\u00f6ne) Musiker: Werner &hellip; <a href=\"https:\/\/www.walldorf-gospel-singers.de\/index.php\/auftritte\/auftritte-2016\/\" class=\"more-link\"><span class=\"screen-reader-text\">Auftritte 2016<\/span> weiterlesen <span class=\"meta-nav\">&rarr;<\/span><\/a><\/p>\n","protected":false},"author":2,"featured_media":0,"parent":9,"menu_order":17,"comment_status":"closed","ping_status":"closed","template":"","meta":{"footnotes":""},"class_list":["post-467","page","type-page","status-publish","hentry"],"_links":{"self":[{"href":"https:\/\/www.walldorf-gospel-singers.de\/index.php\/wp-json\/wp\/v2\/pages\/467","targetHints":{"allow":["GET"]}}],"collection":[{"href":"https:\/\/www.walldorf-gospel-singers.de\/index.php\/wp-json\/wp\/v2\/pages"}],"about":[{"href":"https:\/\/www.walldorf-gospel-singers.de\/index.php\/wp-json\/wp\/v2\/types\/page"}],"author":[{"embeddable":true,"href":"https:\/\/www.walldorf-gospel-singers.de\/index.php\/wp-json\/wp\/v2\/users\/2"}],"replies":[{"embeddable":true,"href":"https:\/\/www.walldorf-gospel-singers.de\/index.php\/wp-json\/wp\/v2\/comments?post=467"}],"version-history":[{"count":28,"href":"https:\/\/www.walldorf-gospel-singers.de\/index.php\/wp-json\/wp\/v2\/pages\/467\/revisions"}],"predecessor-version":[{"id":629,"href":"https:\/\/www.walldorf-gospel-singers.de\/index.php\/wp-json\/wp\/v2\/pages\/467\/revisions\/629"}],"up":[{"embeddable":true,"href":"https:\/\/www.walldorf-gospel-singers.de\/index.php\/wp-json\/wp\/v2\/pages\/9"}],"wp:attachment":[{"href":"https:\/\/www.walldorf-gospel-singers.de\/index.php\/wp-json\/wp\/v2\/media?parent=467"}],"curies":[{"name":"wp","href":"https:\/\/api.w.org\/{rel}","templated":true}]}}